{"id":1346,"date":"2019-05-14T10:55:41","date_gmt":"2019-05-14T10:55:41","guid":{"rendered":"http:\/\/szpitalpulawy.pl\/?page_id=1346"},"modified":"2019-05-14T10:59:03","modified_gmt":"2019-05-14T10:59:03","slug":"dofinansowanie-zakupu-sprzetu-medycznego-dla-szpitalnego-oddzialu-ratunkowego-w-samodzielnym-publicznym-zakladzie-opieki-zdrowotnej-w-pulawach","status":"publish","type":"page","link":"https:\/\/szpitalpulawy.pl\/?page_id=1346","title":{"rendered":"Dofinansowanie zakupu sprz\u0119tu medycznego  dla Szpitalnego Oddzia\u0142u Ratunkowego w Samodzielnym Publicznym Zak\u0142adzie Opieki Zdrowotnej w Pu\u0142awach"},"content":{"rendered":"\n<figure class=\"wp-block-image\"><img loading=\"lazy\" decoding=\"async\" width=\"1024\" height=\"151\" src=\"https:\/\/szpitalpulawy.pl\/wp-content\/uploads\/2019\/05\/fe-1024x151.jpg\" alt=\"\" class=\"wp-image-1347\" srcset=\"https:\/\/szpitalpulawy.pl\/wp-content\/uploads\/2019\/05\/fe-1024x151.jpg 1024w, https:\/\/szpitalpulawy.pl\/wp-content\/uploads\/2019\/05\/fe-300x44.jpg 300w, https:\/\/szpitalpulawy.pl\/wp-content\/uploads\/2019\/05\/fe-768x113.jpg 768w, https:\/\/szpitalpulawy.pl\/wp-content\/uploads\/2019\/05\/fe.jpg 1387w\" sizes=\"auto, (max-width: 1024px) 100vw, 1024px\" \/><\/figure>\n\n\n\n<h2 class=\"wp-block-heading\"><\/h2>\n\n\n\n<p>Projekt\nrealizowanyw ramach <strong>P<\/strong>rogramu\n<strong>O<\/strong>peracyjnego <strong>I<\/strong>nfrastruktura i <strong>\u015a<\/strong>rodowisko na lata <br>\n2014 \u2013 2020, Osi priorytetowej <strong>IX<\/strong>. Wzmocnienie strategicznej\ninfrastruktury zdrowia, <br>\nDzia\u0142anie <strong>9.1<\/strong>. Infrastruktura ratownictwa medycznego <\/p>\n\n\n\n<p><strong>G\u0142\u00f3wny\nCel projektu<\/strong>:<strong> <\/strong>Poprawa\ninfrastruktury sprz\u0119towej Szpitalnego Oddzia\u0142u Ratunkowego, <br>\nco prze\u0142o\u017cy si\u0119 na popraw\u0119 bezpiecze\u0144stwa zdrowotnego spo\u0142ecze\u0144stwa w przypadku\nzagro\u017cenia \u017cycia i zdrowia<\/p>\n\n\n\n<p>Przewidziany cel bezpo\u015bredni b\u0119dzie m\u00f3g\u0142 zosta\u0107\nosi\u0105gni\u0119ty dzi\u0119ki zakupom aparatury medycznej, zak\u0142adaj\u0105cym nast\u0119puj\u0105ce cele:<\/p>\n\n\n\n<p>&#8211; wzrost dost\u0119pno\u015bci <strong>dla dzieci<\/strong> specjalistycznej aparatury medycznej na potrzeby\nSzpitalnego Oddzia\u0142u Ratunkowego SPZOZ w Pu\u0142awach <\/p>\n\n\n\n<p>&#8211; poprawa dost\u0119pu <strong>dla dzieci<\/strong> do wysokiej jako\u015bci \u015bwiadcze\u0144 medycznych w zakresie\nratownictwa medycznego SPZOZ w <\/p>\n\n\n\n<p>Wy\u017cej wymienione cele: bezpo\u015bredni i dzia\u0142a\u0144, w\nd\u0142ugim okresie przyczyni\u0105 si\u0119 do osi\u0105gni\u0119cia dw\u00f3ch cel\u00f3w og\u00f3lnych:<\/p>\n\n\n\n<p>&#8211; poprawa funkcjonowania system\u00f3w ratownictwa\nmedycznego <strong>dla dzieci<\/strong> w wojew\u00f3dztwie\nlubelskim i mazowieckim <\/p>\n\n\n\n<p>&#8211; wzrost poczucia bezpiecze\u0144stwa zdrowotnego rodzin\nzamieszkuj\u0105cych wojew\u00f3dztwa: lubelskie <br>\ni mazowieckie <\/p>\n\n\n\n<p>Ca\u0142kowita\nwarto\u015b\u0107 projektu wynosi: <strong>481&nbsp;250 z\u0142<\/strong><\/p>\n\n\n\n<p>Dofinansowanie\n85%( wk\u0142ad Funduszy Unijnych<strong>): 409&nbsp;062,50\nz\u0142<\/strong><\/p>\n\n\n\n<p>Wk\u0142ad\nw\u0142asny Beneficjenta: <strong>72&nbsp;187,50 z\u0142<\/strong><\/p>\n\n\n\n<figure class=\"wp-block-image\"><img loading=\"lazy\" decoding=\"async\" width=\"1024\" height=\"151\" src=\"https:\/\/szpitalpulawy.pl\/wp-content\/uploads\/2019\/05\/fe-1024x151.jpg\" alt=\"\" class=\"wp-image-1347\" srcset=\"https:\/\/szpitalpulawy.pl\/wp-content\/uploads\/2019\/05\/fe-1024x151.jpg 1024w, https:\/\/szpitalpulawy.pl\/wp-content\/uploads\/2019\/05\/fe-300x44.jpg 300w, https:\/\/szpitalpulawy.pl\/wp-content\/uploads\/2019\/05\/fe-768x113.jpg 768w, https:\/\/szpitalpulawy.pl\/wp-content\/uploads\/2019\/05\/fe.jpg 1387w\" sizes=\"auto, (max-width: 1024px) 100vw, 1024px\" \/><\/figure>\n","protected":false},"excerpt":{"rendered":"<p>Projekt realizowanyw ramach Programu Operacyjnego Infrastruktura i \u015arodowisko na lata 2014 \u2013 2020, Osi priorytetowej IX. Wzmocnienie strategicznej infrastruktury zdrowia, Dzia\u0142anie 9.1. Infrastruktura ratownictwa medycznego G\u0142\u00f3wny Cel projektu: Poprawa infrastruktury sprz\u0119towej Szpitalnego Oddzia\u0142u Ratunkowego, co prze\u0142o\u017cy si\u0119 na popraw\u0119 bezpiecze\u0144stwa zdrowotnego spo\u0142ecze\u0144stwa w przypadku zagro\u017cenia \u017cycia i zdrowia Przewidziany cel bezpo\u015bredni b\u0119dzie m\u00f3g\u0142 zosta\u0107 osi\u0105gni\u0119ty [&hellip;]<\/p>\n","protected":false},"author":1,"featured_media":0,"parent":0,"menu_order":0,"comment_status":"closed","ping_status":"closed","template":"","meta":{"footnotes":""},"class_list":["post-1346","page","type-page","status-publish","hentry"],"_links":{"self":[{"href":"https:\/\/szpitalpulawy.pl\/index.php?rest_route=\/wp\/v2\/pages\/1346","targetHints":{"allow":["GET"]}}],"collection":[{"href":"https:\/\/szpitalpulawy.pl\/index.php?rest_route=\/wp\/v2\/pages"}],"about":[{"href":"https:\/\/szpitalpulawy.pl\/index.php?rest_route=\/wp\/v2\/types\/page"}],"author":[{"embeddable":true,"href":"https:\/\/szpitalpulawy.pl\/index.php?rest_route=\/wp\/v2\/users\/1"}],"replies":[{"embeddable":true,"href":"https:\/\/szpitalpulawy.pl\/index.php?rest_route=%2Fwp%2Fv2%2Fcomments&post=1346"}],"version-history":[{"count":0,"href":"https:\/\/szpitalpulawy.pl\/index.php?rest_route=\/wp\/v2\/pages\/1346\/revisions"}],"wp:attachment":[{"href":"https:\/\/szpitalpulawy.pl\/index.php?rest_route=%2Fwp%2Fv2%2Fmedia&parent=1346"}],"curies":[{"name":"wp","href":"https:\/\/api.w.org\/{rel}","templated":true}]}}