{"id":155,"date":"2017-09-01T08:17:55","date_gmt":"2017-09-01T08:17:55","guid":{"rendered":"http:\/\/szpitalpulawy.pl\/wordpress\/?page_id=155"},"modified":"2026-04-20T14:13:07","modified_gmt":"2026-04-20T14:13:07","slug":"administracja","status":"publish","type":"page","link":"https:\/\/szpitalpulawy.pl\/?page_id=155","title":{"rendered":"Administracja"},"content":{"rendered":"\n\n<p><strong>Dzia\u0142 Rozlicze\u0144 z NFZ i Statystyki Medycznej<\/strong><br \/>Kierownik Dzia\u0142u &#8211; mgr in\u017c. Renata Olszak-Sabczewa<br \/>Budynek Szpitala Pawilon\u00a0 A\u00a0 SP ZOZ w Pu\u0142awach<br \/>Telefon : 81 45 02 252<br \/><a href=\"mailto:rsabczewa@szpitalpulawy.pl\">rsabczewa@szpitalpulawy.pl<\/a><\/p>\n<p><strong>Dzia\u0142 Kadr i P\u0142ac<\/strong><br \/>p.o.Kierownik Dzia\u0142u\u00a0 &#8211; Bo\u017cena Gilewicz<br \/>Budynek Administracji SP ZOZ w Pu\u0142awach<br \/>Telefon : 81 45 02 394<br \/>bgilewicz@szpitalpulawy.pl<\/p>\n<p><strong>Dzia\u0142 Ksi\u0119gowo\u015bci\u00a0<\/strong><br \/>p.o.Kierownik Dzia\u0142u\u00a0 &#8211; mgr Alekasanda Chabora-P\u0119kala\u00a0<br \/>Budynek Administracji SP ZOZ w Pu\u0142awach<br \/>Telefon : 81 45 02 295<br \/>achabora@szpitalpulawy.pl<\/p>\n<p><strong>Dzia\u0142 Organizacji i Promocji<\/strong><br \/><strong>Inspektor Ochrony Danych Osobowych<\/strong><br \/>Kierownik Dzia\u0142u -mgr Magdalena Tarczy\u0144ska<br \/>Budynek Administracji SP ZOZ w Pu\u0142awach<br \/>Telefon: 81 45 02 255<br \/><a href=\"mailto:mtarczynska@szpitalpulawy.pl\">mtarczynska@szpitalpulawy.pl<\/a><\/p>\n<p><strong>Administrator ds.SMK<\/strong><br \/>dr n. med. Artur Bodys<br \/>Budynek Administracji SP ZOZ w Pu\u0142awach<br \/>Telefon: 81 45 02 274 (sekretariat)<br \/><a href=\"mailto:mtarczynska@szpitalpulawy.pl\">abodys@szpitalpulawy.pl<\/a><\/p>\n<p><strong>Dzia\u0142 Informatyczny<\/strong><br \/><a href=\"mailto:it@szpitalpulawy.pl\">it@szpitalpulawy.pl<\/a><\/p>\n<p><strong>Dzia\u0142 Zam\u00f3wie\u0144 Publicznych<\/strong><br \/>Kierownik Dzia\u0142u &#8211; mgr Maciej Go\u0142awski<br \/>Budynek Administracji SP ZOZ w Pu\u0142awach<br \/>Telefon :\u00a0 81 45 02 389<br \/><a href=\"mailto:jkowalczyk@szpitalpulawy.pl\">mgolawski@szpitalpulawy.pl<\/a><\/p>\n<p><strong>Dzia\u0142 Techniczno &#8211; Gospodarczy<\/strong><br \/>Kierownik Dzia\u0142u &#8211; mgr in\u017c. Jacek Adamiak<br \/>Budynek Administracji SP ZOZ w Pu\u0142awach<br \/>Telefon : 81 45 02 238<br \/><a href=\"mailto:gdrzazga@szpitalpulawy.pl\">jadamiak@szpitalpulawy.pl<\/a><\/p>\n<p><strong>Dzia\u0142 Inwestycji i Projekt\u00f3w\u00a0\u00a0<\/strong><\/p>\n<p>Kierownik Dzia\u0142u &#8211; mgr Marcin Skwira<br \/>Budynek Administracji SP ZOZ w Pu\u0142awach<br \/>Telefon : 81 45 02 294<br \/><a href=\"mailto:gdrzazga@szpitalpulawy.pl\">mskwira@szpitalpulawy.pl<\/a><\/p>\n<p><strong>Koordynator ds. dost\u0119pno\u015bci<\/strong><br \/>Marcin Skwira<br \/>Telefon : 81 45 02 294<br \/><a href=\"mailto:koordynator.dostepnosci@mfipr.gov.pl\">koordynator.dostepnosci<\/a><a href=\"mailto:gdrzazga@szpitalpulawy.pl\">@szpitalpulawy.pl<\/a><\/p>\n\n\n\n","protected":false},"excerpt":{"rendered":"<p>Dzia\u0142 Rozlicze\u0144 z NFZ i Statystyki MedycznejKierownik Dzia\u0142u &#8211; mgr in\u017c. Renata Olszak-SabczewaBudynek Szpitala Pawilon\u00a0 A\u00a0 SP ZOZ w Pu\u0142awachTelefon : 81 45 02 252rsabczewa@szpitalpulawy.pl Dzia\u0142 Kadr i P\u0142acp.o.Kierownik Dzia\u0142u\u00a0 &#8211; Bo\u017cena GilewiczBudynek Administracji SP ZOZ w Pu\u0142awachTelefon : 81 45 02 394bgilewicz@szpitalpulawy.pl Dzia\u0142 Ksi\u0119gowo\u015bci\u00a0p.o.Kierownik Dzia\u0142u\u00a0 &#8211; mgr Alekasanda Chabora-P\u0119kala\u00a0Budynek Administracji SP ZOZ w Pu\u0142awachTelefon [&hellip;]<\/p>\n","protected":false},"author":1,"featured_media":0,"parent":153,"menu_order":0,"comment_status":"closed","ping_status":"closed","template":"","meta":{"footnotes":""},"class_list":["post-155","page","type-page","status-publish","hentry"],"_links":{"self":[{"href":"https:\/\/szpitalpulawy.pl\/index.php?rest_route=\/wp\/v2\/pages\/155","targetHints":{"allow":["GET"]}}],"collection":[{"href":"https:\/\/szpitalpulawy.pl\/index.php?rest_route=\/wp\/v2\/pages"}],"about":[{"href":"https:\/\/szpitalpulawy.pl\/index.php?rest_route=\/wp\/v2\/types\/page"}],"author":[{"embeddable":true,"href":"https:\/\/szpitalpulawy.pl\/index.php?rest_route=\/wp\/v2\/users\/1"}],"replies":[{"embeddable":true,"href":"https:\/\/szpitalpulawy.pl\/index.php?rest_route=%2Fwp%2Fv2%2Fcomments&post=155"}],"version-history":[{"count":28,"href":"https:\/\/szpitalpulawy.pl\/index.php?rest_route=\/wp\/v2\/pages\/155\/revisions"}],"predecessor-version":[{"id":7700,"href":"https:\/\/szpitalpulawy.pl\/index.php?rest_route=\/wp\/v2\/pages\/155\/revisions\/7700"}],"up":[{"embeddable":true,"href":"https:\/\/szpitalpulawy.pl\/index.php?rest_route=\/wp\/v2\/pages\/153"}],"wp:attachment":[{"href":"https:\/\/szpitalpulawy.pl\/index.php?rest_route=%2Fwp%2Fv2%2Fmedia&parent=155"}],"curies":[{"name":"wp","href":"https:\/\/api.w.org\/{rel}","templated":true}]}}