{"id":163,"date":"2017-09-01T08:50:15","date_gmt":"2017-09-01T08:50:15","guid":{"rendered":"http:\/\/szpitalpulawy.pl\/wordpress\/?page_id=163"},"modified":"2026-02-11T14:53:01","modified_gmt":"2026-02-11T14:53:01","slug":"dyrekcja","status":"publish","type":"page","link":"https:\/\/szpitalpulawy.pl\/?page_id=163","title":{"rendered":"Dyrekcja"},"content":{"rendered":"<p><strong>dr n.med. Marek Pa\u017adzior<\/strong><br \/><strong>Dyrektor<\/strong><br \/>Budynek Administracji SP ZOZ w Pu\u0142awach<br \/>Sekretariat: telefon: 81\u00a045 02 274<br \/><a href=\"mailto:spzoz@szpitalpulawy.pl\">spzoz@szpitalpulawy.pl<\/a><\/p>\n<p>\u00a0<\/p>\n<p><strong>dr hab.in\u017c. Artur Pa\u017adzior<\/strong><br \/><strong>Z-ca Dyrektora ds. Ekonomiczno-Finansowych<\/strong><br \/>Budynek Administracji SP ZOZ w Pu\u0142awach<br \/>Sekretariat: telefon: 81\u00a045 02 274<br \/><a href=\"mailto:spzoz@szpitalpulawy.pl\">apazdzior@szpitalpulawy.pl<\/a><\/p>\n<p>\u00a0<\/p>\n<p><strong>mgr Hanna Kamola<\/strong><br \/>Naczelna Piel\u0119gniarka<br \/>Pawilon A-wysoki parter SP ZOZ w Pu\u0142awach<br \/>Telefon: 81 45 02 277<br \/><a href=\"mailto:hkamola@szpitalpulawy.pl\">hkamola@szpitalpulawy.pl<\/a><\/p>\n\n","protected":false},"excerpt":{"rendered":"<p>dr n.med. Marek Pa\u017adziorDyrektorBudynek Administracji SP ZOZ w Pu\u0142awachSekretariat: telefon: 81\u00a045 02 274spzoz@szpitalpulawy.pl \u00a0 dr hab.in\u017c. Artur Pa\u017adziorZ-ca Dyrektora ds. Ekonomiczno-FinansowychBudynek Administracji SP ZOZ w Pu\u0142awachSekretariat: telefon: 81\u00a045 02 274apazdzior@szpitalpulawy.pl \u00a0 mgr Hanna KamolaNaczelna Piel\u0119gniarkaPawilon A-wysoki parter SP ZOZ w Pu\u0142awachTelefon: 81 45 02 277hkamola@szpitalpulawy.pl<\/p>\n","protected":false},"author":1,"featured_media":0,"parent":153,"menu_order":0,"comment_status":"closed","ping_status":"closed","template":"","meta":{"footnotes":""},"class_list":["post-163","page","type-page","status-publish","hentry"],"_links":{"self":[{"href":"https:\/\/szpitalpulawy.pl\/index.php?rest_route=\/wp\/v2\/pages\/163","targetHints":{"allow":["GET"]}}],"collection":[{"href":"https:\/\/szpitalpulawy.pl\/index.php?rest_route=\/wp\/v2\/pages"}],"about":[{"href":"https:\/\/szpitalpulawy.pl\/index.php?rest_route=\/wp\/v2\/types\/page"}],"author":[{"embeddable":true,"href":"https:\/\/szpitalpulawy.pl\/index.php?rest_route=\/wp\/v2\/users\/1"}],"replies":[{"embeddable":true,"href":"https:\/\/szpitalpulawy.pl\/index.php?rest_route=%2Fwp%2Fv2%2Fcomments&post=163"}],"version-history":[{"count":24,"href":"https:\/\/szpitalpulawy.pl\/index.php?rest_route=\/wp\/v2\/pages\/163\/revisions"}],"predecessor-version":[{"id":7463,"href":"https:\/\/szpitalpulawy.pl\/index.php?rest_route=\/wp\/v2\/pages\/163\/revisions\/7463"}],"up":[{"embeddable":true,"href":"https:\/\/szpitalpulawy.pl\/index.php?rest_route=\/wp\/v2\/pages\/153"}],"wp:attachment":[{"href":"https:\/\/szpitalpulawy.pl\/index.php?rest_route=%2Fwp%2Fv2%2Fmedia&parent=163"}],"curies":[{"name":"wp","href":"https:\/\/api.w.org\/{rel}","templated":true}]}}