{"id":2032,"date":"2021-02-18T10:06:00","date_gmt":"2021-02-18T10:06:00","guid":{"rendered":"http:\/\/szpitalpulawy.pl\/?page_id=2032"},"modified":"2022-03-25T10:44:19","modified_gmt":"2022-03-25T10:44:19","slug":"zamowienia-publiczne-2021","status":"publish","type":"page","link":"https:\/\/szpitalpulawy.pl\/?page_id=2032","title":{"rendered":"Zam\u00f3wienia Publiczne 2021"},"content":{"rendered":"<div class=\"wpb-content-wrapper\">\n<p>[vc_row][vc_column][vc_column_text css=&#8221;.vc_custom_1541593878973{background-color: rgba(30,115,190,0.11) !important;*background-color: rgb(30,115,190) !important;}&#8221;]Uprawniony do kontaktu z oferentami: <strong>Ma\u0142gorzata M\u0105czka<\/strong>, tel. 814 502 389. Budynek Administracji, pok\u00f3j nr 7 w godzinach 7<sup>30<\/sup> \u2013 15<sup>05<\/sup>[\/vc_column_text][vc_column_text][\/vc_column_text][\/vc_column][\/vc_row]<\/p>\n<p>\u00a0<\/p>\n\n\n<\/div>","protected":false},"excerpt":{"rendered":"<p>[vc_row][vc_column][vc_column_text css=&#8221;.vc_custom_1541593878973{background-color: rgba(30,115,190,0.11) !important;*background-color: rgb(30,115,190) !important;}&#8221;]Uprawniony do kontaktu z oferentami: Ma\u0142gorzata M\u0105czka, tel. 814 502 389. Budynek Administracji, pok\u00f3j nr 7 w godzinach 730 \u2013 1505[\/vc_column_text][vc_column_text][\/vc_column_text][\/vc_column][\/vc_row] \u00a0<\/p>\n","protected":false},"author":1,"featured_media":0,"parent":0,"menu_order":0,"comment_status":"closed","ping_status":"closed","template":"","meta":{"footnotes":""},"class_list":["post-2032","page","type-page","status-publish","hentry"],"_links":{"self":[{"href":"https:\/\/szpitalpulawy.pl\/index.php?rest_route=\/wp\/v2\/pages\/2032","targetHints":{"allow":["GET"]}}],"collection":[{"href":"https:\/\/szpitalpulawy.pl\/index.php?rest_route=\/wp\/v2\/pages"}],"about":[{"href":"https:\/\/szpitalpulawy.pl\/index.php?rest_route=\/wp\/v2\/types\/page"}],"author":[{"embeddable":true,"href":"https:\/\/szpitalpulawy.pl\/index.php?rest_route=\/wp\/v2\/users\/1"}],"replies":[{"embeddable":true,"href":"https:\/\/szpitalpulawy.pl\/index.php?rest_route=%2Fwp%2Fv2%2Fcomments&post=2032"}],"version-history":[{"count":7,"href":"https:\/\/szpitalpulawy.pl\/index.php?rest_route=\/wp\/v2\/pages\/2032\/revisions"}],"predecessor-version":[{"id":2573,"href":"https:\/\/szpitalpulawy.pl\/index.php?rest_route=\/wp\/v2\/pages\/2032\/revisions\/2573"}],"wp:attachment":[{"href":"https:\/\/szpitalpulawy.pl\/index.php?rest_route=%2Fwp%2Fv2%2Fmedia&parent=2032"}],"curies":[{"name":"wp","href":"https:\/\/api.w.org\/{rel}","templated":true}]}}