{"id":2089,"date":"2021-04-01T06:57:09","date_gmt":"2021-04-01T06:57:09","guid":{"rendered":"http:\/\/szpitalpulawy.pl\/?page_id=2089"},"modified":"2021-04-01T08:01:54","modified_gmt":"2021-04-01T08:01:54","slug":"pacjenci-po-covid-19","status":"publish","type":"page","link":"https:\/\/szpitalpulawy.pl\/?page_id=2089","title":{"rendered":"Pacjenci po Covid 19"},"content":{"rendered":"\n<p>Poni\u017cej przedstawiamy artyku\u0142, w kt\u00f3rym <span class=\"fontstyle0\">przedstawiono podstawowe \u0107wiczenia oraz porady dla os\u00f3b doros\u0142ych, kt\u00f3re do\u015bwiadczy\u0142y powa\u017cnego pogorszenia stanu zdrowia i zosta\u0142y przyj\u0119te do szpitala z rozpoznaniem infekcji COVID-19.<\/span><\/p>\n<p><a href=\"https:\/\/szpitalpulawy.pl\/wp-content\/uploads\/2021\/04\/Informator-Covid19.pdf\">Wsparcie w samodzielnej rehabilitacji po przebyciu choroby zwi\u0105zanej z COVID-19<\/a><\/p>\n<p>Zapraszamy od odwiedzenia strony projektu zrealizowanego przez Krajow\u0105 Izb\u0119 Fizjoterapeut\u00f3w we wsp\u00f3\u0142pracy ze \u015awiatow\u0105 Organizacj\u0105 Zdrowia (WHO)<\/p>\n<p><a href=\"https:\/\/fizjoterapiaporusza.pl\/\">Samodzielna rehabilitacja po COVID-19<\/a><\/p>\n","protected":false},"excerpt":{"rendered":"<p>Poni\u017cej przedstawiamy artyku\u0142, w kt\u00f3rym przedstawiono podstawowe \u0107wiczenia oraz porady dla os\u00f3b doros\u0142ych, kt\u00f3re do\u015bwiadczy\u0142y powa\u017cnego pogorszenia stanu zdrowia i zosta\u0142y przyj\u0119te do szpitala z rozpoznaniem infekcji COVID-19. Wsparcie w samodzielnej rehabilitacji po przebyciu choroby zwi\u0105zanej z COVID-19 Zapraszamy od odwiedzenia strony projektu zrealizowanego przez Krajow\u0105 Izb\u0119 Fizjoterapeut\u00f3w we wsp\u00f3\u0142pracy ze \u015awiatow\u0105 Organizacj\u0105 Zdrowia (WHO) [&hellip;]<\/p>\n","protected":false},"author":4,"featured_media":0,"parent":0,"menu_order":0,"comment_status":"closed","ping_status":"closed","template":"","meta":{"footnotes":""},"class_list":["post-2089","page","type-page","status-publish","hentry"],"_links":{"self":[{"href":"https:\/\/szpitalpulawy.pl\/index.php?rest_route=\/wp\/v2\/pages\/2089","targetHints":{"allow":["GET"]}}],"collection":[{"href":"https:\/\/szpitalpulawy.pl\/index.php?rest_route=\/wp\/v2\/pages"}],"about":[{"href":"https:\/\/szpitalpulawy.pl\/index.php?rest_route=\/wp\/v2\/types\/page"}],"author":[{"embeddable":true,"href":"https:\/\/szpitalpulawy.pl\/index.php?rest_route=\/wp\/v2\/users\/4"}],"replies":[{"embeddable":true,"href":"https:\/\/szpitalpulawy.pl\/index.php?rest_route=%2Fwp%2Fv2%2Fcomments&post=2089"}],"version-history":[{"count":2,"href":"https:\/\/szpitalpulawy.pl\/index.php?rest_route=\/wp\/v2\/pages\/2089\/revisions"}],"predecessor-version":[{"id":2111,"href":"https:\/\/szpitalpulawy.pl\/index.php?rest_route=\/wp\/v2\/pages\/2089\/revisions\/2111"}],"wp:attachment":[{"href":"https:\/\/szpitalpulawy.pl\/index.php?rest_route=%2Fwp%2Fv2%2Fmedia&parent=2089"}],"curies":[{"name":"wp","href":"https:\/\/api.w.org\/{rel}","templated":true}]}}