{"id":2096,"date":"2021-04-01T07:27:43","date_gmt":"2021-04-01T07:27:43","guid":{"rendered":"http:\/\/szpitalpulawy.pl\/?page_id=2096"},"modified":"2021-04-01T07:52:59","modified_gmt":"2021-04-01T07:52:59","slug":"objawy-po-szczepieniu-przeciw-covid-19-przy-uzyciu-wakcyny-oxfordastrazeneca","status":"publish","type":"page","link":"https:\/\/szpitalpulawy.pl\/?page_id=2096","title":{"rendered":"Objawy   po   szczepieniu   przeciw   COVID-19   przy   u\u017cyciu   wakcyny   Oxford-AstraZeneca"},"content":{"rendered":"\n<p style=\"text-align: center;\"><strong><em>SZANOWNI PA\u0143STWO<\/em><\/strong><\/p>\n<p><strong><em>\u00a0<\/em><\/strong>W zwi\u0105zku z obserwowanym niepokojem w zakresie objaw\u00f3w po szczepieniu przedstawiamy za zgod\u0105 autora &#8211; lekarza B. Fia\u0142ka, kt\u00f3rego mama jest nauczycielk\u0105 istotne wiadomo\u015bci z tego zakresu.<\/p>\n<p><strong>Tre\u015b\u0107 podzielone s\u0105 na trzy cz\u0119\u015bci:<br \/>I. po pierwsze <\/strong>&#8211; co to za objawy, dlaczego wyst\u0119puj\u0105 i jakich mo\u017cemy si\u0119 spodziewa\u0107;<br \/><strong>II. po drugie <\/strong>&#8211; jak sobie z objawami poszczepiennymi radzi\u0107;<br \/><strong>III. po trzecie <\/strong>&#8211; jakie objawy powinny wzbudzi\u0107 nasz niepok\u00f3j.<\/p>\n\n\n\n<p><strong>I. Obja<\/strong><strong>w<\/strong><strong>y<\/strong><strong> po\u00a0\u00a0 szczepieniu\u00a0\u00a0 przeciw\u00a0\u00a0 COVID-19\u00a0\u00a0 przy\u00a0\u00a0 u\u017cyciu\u00a0\u00a0 wakcyny\u00a0\u00a0 Oxford\u00ad-AstraZeneca <\/strong>&#8211; <strong>najwa\u017cniejsze informacje:<\/strong><\/p>\n<ul>\n<li>jak w przypadku ka\u017cdego leku, tak i po szczepieniu, mo\u017cemy spodziewa\u0107 si\u0119 wyst\u0105pienia tzw. skutk\u00f3w ubocznych, kt\u00f3rych nasilenie jest zwykle \u0142agodne do umiarkowanego, a czas trwania kr\u00f3tki (do 48 &#8211; 72 godzin),<\/li>\n<li>szacuje si\u0119, \u017ce po przyj\u0119ciu szczepionki przeciw COVID-19 Oxford-AstraZeneca, u ok. 70 proc. wyst\u0105pi co najmniej jeden uboczny skutek miejscowy i\/lub og\u00f3lny,<\/li>\n<li>miejscowe skutki \u00a0uboczne \u00a0to \u00a0przede \u00a0wszystkim: \u00a0b\u00f3l \u00a0w \u00a0miejscu \u00a0wk\u0142ucia, \u00a0obrz\u0119k \u00a0w miejscu wk\u0142ucia, wysypka w okolicach miejsca wk\u0142ucia, lokalne powi\u0119kszenie w\u0119z\u0142\u00f3w ch\u0142onnych &#8211; po stronie szczepionego ramienia), <em>\u00a0<\/em>og\u00f3lne skutki uboczne to przede wszystkim: podwy\u017cszona ciep\u0142ota cia\u0142a\/gor\u0105czka, zm\u0119czenie, b\u00f3l g\u0142owy, dreszcze, mialgia (b\u00f3le mi\u0119\u015bni), artralgia (b\u00f3le staw\u00f3w),<\/li>\n<li>wy\u017cej wymienione skutki uboczne s\u0105 &#8211; w najprostszym uj\u0119ciu &#8211; odpowiedzi\u0105 uk\u0142adu immunologicznego na szczepionk\u0119, czyli &#8211; jeszcze pro\u015bciej &#8211; wynikiem generowanej odporno\u015bci przeciw COVID-19, czyli s\u0105 g\u0142\u00f3wn\u0105 przyczyn\u0105, dlaczego w og\u00f3le poddajemy si\u0119 szczepieniu, st\u0105d mo\u017cna je nazwa\u0107 POP (po\u017c\u0105danymi odczynami poszczepiennymi),<\/li>\n<li>ewentualne wyst\u0105pienie poszczepiennych skutk\u00f3w ubocznych (nie wyst\u0105pi\u0105 u ka\u017cdego), jest naprawd\u0119 nisk\u0105 cen\u0105 w kontek\u015bcie ochrony przeciw COVID-19, jak\u0105 wakcynacja nam daje.<\/li>\n<\/ul>\n<p><strong>II. P<\/strong><strong>oszczepienne skutki uboczne <\/strong>&#8211; <strong>co robi\u0107?<\/strong><\/p>\n<ul>\n<li>przypadku wyst\u0105pienia b\u00f3lu,\u00a0 obrz\u0119ku\u00a0\u00a0 czy\u00a0 zaczerwienienia\u00a0 w\u00a0 miejscu wk\u0142ucia, zaleca si\u0119 zimny ok\u0142ad oraz, mo\u017ce paradoksalnie, <strong>NIEodci\u0105\u017canie<\/strong>\u00a0 zaszczepionej ko\u0144czyny &#8211; niekt\u00f3rzy z powodu b\u00f3lu unikaj\u0105 ruch\u00f3w ko\u0144czyn\u0105, w kt\u00f3r\u0105 podano wakcyn\u0119, co mo\u017ce paradoksalnie b\u00f3l nasili\u0107, st\u0105d niekiedy lekarze zalecaj\u0105 szczepienie dominuj\u0105cej ko\u0144czyny g\u00f3rnej,<\/li>\n<li>w przypadku wyst\u0105pienia mialgii i artralgii (b\u00f3l\u00f3w mi\u0119\u015bni i staw\u00f3w) zaleca si\u0119 przyjmowanie du\u017cej ilo\u015bci p\u0142yn\u00f3w oraz odpoczynek, ulg\u0119 mo\u017ce przynie\u015b\u0107 r\u00f3wnie\u017c ciep\u0142a k\u0105piel,<\/li>\n<li>w przypadku wyst\u0105pienia\u00a0 \u00a0zm\u0119czenia,\u00a0 \u00a0gor\u0105czki\u00a0 \u00a0czy\u00a0 \u00a0b\u00f3l\u00f3w\u00a0 \u00a0g\u0142owy,\u00a0 \u00a0zaleca\u00a0 \u00a0si\u0119 spo\u017cywanie du\u017cej ilo\u015bci p\u0142yn\u00f3w oraz odpoczynek, st\u0105d nie nale\u017cy planowa\u0107 szczepienia dzie\u0144 przed ci\u0119\u017ck\u0105 prac\u0105, wszak te objawy wyst\u0119puj\u0105 najcz\u0119\u015bciej dzie\u0144 po szczepieniu,<\/li>\n<li>zaleca si\u0119, aby na szczepienie i\u015b\u0107 wypocz\u0119tym, po spo\u017cyciu pe\u0142nowarto\u015bciowego posi\u0142ku, dobrze nawodnionym i kiedy \u201enie czujemy si\u0119 chorzy&#8221; &#8211; to zmniejsza ryzyko wyst\u0105pienia poszczepiennych skutk\u00f3w ubocznych,<\/li>\n<li>w przypadku wyst\u0105pienia KA\u017bDEGO z powy\u017cszych objaw\u00f3w b\u00f3lowych i\/lub gor\u0105czki, kt\u00f3re s\u0105 na tyle silne, \u017ce niefarmakologiczne metody leczenia s\u0105 nieskuteczne, ZALECA si\u0119 przyj\u0119cie leku przeciwb\u00f3lowego\/przeciwgor\u0105czkowego (oczywi\u015bcie, gdy nie jeste\u015bmy na niego uczuleni) &#8211; pierwsze\u0144stwo ma tutaj PARACETAMOL w stosunku do IBUPROFENU, wszak uznaje si\u0119, \u017ce pierwszy z lek\u00f3w w mniejszym s!opniu oddzia\u0142uje na uk\u0142ad immunologiczny, a wi\u0119c i na generowan\u0105 odporno\u015b\u0107 poszczepienn\u0105,<\/li>\n<li><strong>NIE <\/strong>zaleca si\u0119 profilaktycznego przyjmowania leku przeciwb\u00f3lowego\/przeciwgor\u0105czkowego przed szczepieniem,<\/li>\n<\/ul>\n<p><strong>III. Jakie poszczepienne objawy powinny wzbudzi\u0107 nasz niepok\u00f3j <\/strong>i <strong>sk\u0142oni\u0107 do skorzystania z pomocy medycznej?<\/strong><\/p>\n<ul>\n<li>Kaszel, skr\u00f3cenie oddechu\/duszno\u015b\u0107, pokrzywka*, b\u00f3l w klatce piersiowej lub ka\u017cde NAG\u0141E pogorszenie stanu zdrowia, s\u0105 objawami, kt\u00f3re powinny zmusi\u0107 nas do szukania pomocy medycznej. Objawy z opisywanych powy\u017cej, tzw. POP, kt\u00f3re utrzymuj\u0105 si\u0119 d\u0142u\u017cej ni\u017c 48 godzin i\/lub nie reaguj\u0105 na podstawowe metody leczenia wymienione wy\u017cej, R\u00d3WNIE\u017b powinny zaprowadzi\u0107 Was do pracownik\u00f3w ochrony<br \/>* wyj\u0105tek mo\u017ce stanowi\u0107 \u0142agodna wysypka okolicy podania szczepionki, kt\u00f3ra zwykle trwa d\u0142u\u017cej ni\u017c 48 godzin (zwykle ok 7 dni po czym ust\u0119puje, ewentualnie mo\u017cna skorzysta\u0107 z leku przeciwhistaminowego) i nie zajmuje innych miejsc na ciele, a wyst\u0119puje u os\u00f3b, u kt\u00f3rych bezpo\u015brednio po szczepieniu pojawi\u0142o si\u0119 zaczerwienienie wok\u00f3\u0142 miejsca wk\u0142ucia.<\/li>\n<\/ul>\n<h5>\u201eMam nadziej\u0119, \u017ce rozwia\u0142em Wasze w\u0105tpliwo\u015bci, a co do skuteczno\u015bci szczepionki, to prosz\u0119 zobaczy\u0107 niebywa\u0142y spadek liczby ofiar COVID-19 w Wielkiej Brytanil kt\u00f3ry pojawi\u0142 si\u0119 po 14 i wi\u0119cej dniach od podania pierwszej dawki szczepionki przeciw COVID-19&#8230; Oxford-AstraZeneca&#8221; B. Fia\u0142ek<\/h5>\n<p><em>Zakres tre\u015bci oparty o do\u015bwiadczenia autora oraz od doktora z ]ohns Hopkins Medicine i profesora ze Stanford University School of Medicine.<\/em><\/p>\n<h4 style=\"text-align: right;\">Szpital W\u0119z\u0142owy w Pu\u0142awach<\/h4>\n<h4 style=\"text-align: right;\"><strong><em>Zesp\u00f3l ds. Szczepie\u0144<\/em><\/strong><\/h4>\n","protected":false},"excerpt":{"rendered":"<p>SZANOWNI PA\u0143STWO \u00a0W zwi\u0105zku z obserwowanym niepokojem w zakresie objaw\u00f3w po szczepieniu przedstawiamy za zgod\u0105 autora &#8211; lekarza B. Fia\u0142ka, kt\u00f3rego mama jest nauczycielk\u0105 istotne wiadomo\u015bci z tego zakresu. Tre\u015b\u0107 podzielone s\u0105 na trzy cz\u0119\u015bci:I. po pierwsze &#8211; co to za objawy, dlaczego wyst\u0119puj\u0105 i jakich mo\u017cemy si\u0119 spodziewa\u0107;II. po drugie &#8211; jak sobie z [&hellip;]<\/p>\n","protected":false},"author":4,"featured_media":0,"parent":0,"menu_order":0,"comment_status":"closed","ping_status":"closed","template":"","meta":{"footnotes":""},"class_list":["post-2096","page","type-page","status-publish","hentry"],"_links":{"self":[{"href":"https:\/\/szpitalpulawy.pl\/index.php?rest_route=\/wp\/v2\/pages\/2096","targetHints":{"allow":["GET"]}}],"collection":[{"href":"https:\/\/szpitalpulawy.pl\/index.php?rest_route=\/wp\/v2\/pages"}],"about":[{"href":"https:\/\/szpitalpulawy.pl\/index.php?rest_route=\/wp\/v2\/types\/page"}],"author":[{"embeddable":true,"href":"https:\/\/szpitalpulawy.pl\/index.php?rest_route=\/wp\/v2\/users\/4"}],"replies":[{"embeddable":true,"href":"https:\/\/szpitalpulawy.pl\/index.php?rest_route=%2Fwp%2Fv2%2Fcomments&post=2096"}],"version-history":[{"count":9,"href":"https:\/\/szpitalpulawy.pl\/index.php?rest_route=\/wp\/v2\/pages\/2096\/revisions"}],"predecessor-version":[{"id":2108,"href":"https:\/\/szpitalpulawy.pl\/index.php?rest_route=\/wp\/v2\/pages\/2096\/revisions\/2108"}],"wp:attachment":[{"href":"https:\/\/szpitalpulawy.pl\/index.php?rest_route=%2Fwp%2Fv2%2Fmedia&parent=2096"}],"curies":[{"name":"wp","href":"https:\/\/api.w.org\/{rel}","templated":true}]}}