{"id":2130,"date":"2021-04-12T07:32:52","date_gmt":"2021-04-12T07:32:52","guid":{"rendered":"http:\/\/szpitalpulawy.pl\/?page_id=2130"},"modified":"2021-04-12T07:59:08","modified_gmt":"2021-04-12T07:59:08","slug":"wskazowki-pielegnacyjne-dla-pacjenta-z-astma-oskrzelowa","status":"publish","type":"page","link":"https:\/\/szpitalpulawy.pl\/?page_id=2130","title":{"rendered":"Wskaz\u00f3wki piel\u0119gnacyjne dla pacjenta z ASTM\u0104 OSKRZELOW\u0104"},"content":{"rendered":"\n<h3>Oddzia\u0142 Pulmonologiczny<\/h3>\n<p>\u00a0<\/p>\n<h4>Wskaz\u00f3wki piel\u0119gnacyjne dla pacjenta z ASTM\u0104 OSKRZELOW\u0104<\/h4>\n<p>\u00a0<\/p>\n<p>Po wypisie do domu nale\u017cy;<\/p>\n<ol>\n<li>Systematycznie kontrolowa\u0107 stan zdrowia u lekarza pulmonologa lub alergologa.<\/li>\n<li>Przyjmowa\u0107 systematycznie i dok\u0142adnie leki wziewne i inne przepisane przez lekarza.<\/li>\n<li>Pami\u0119ta\u0107 o w\u0142a\u015bciwej kolejno\u015bci stosowania lek\u00f3w wziewnych; Leki rozszerzaj\u0105ce oskrzela-Foradil, Zafiron , Oxodil , Pulmoterol , Forastmin , Diffumax , Serewent. Po 15 minutach u\u017cy\u0107 leki przeciwzapalne\/ kortykosteroidy wziewne\/ Miflonide , Pulmicort , Flutixon, Neplit \u2013 po tych lekach nale\u017cy wyp\u0142uka\u0107 gard\u0142o i wyplu\u0107 wod\u0119.<\/li>\n<li>Po zastosowaniu preparat\u00f3w z\u0142o\u017conych takich jak; Fostex , Symbicort , Air Flusal, Salmex,\u00a0 Asaris , DuoResp, Bufomix EasyHaler nale\u017cy p\u0142uka\u0107 gard\u0142o i wypluwa\u0107 wod\u0119.<\/li>\n<li>Do przerywania napadu duszno\u015bci nale\u017cy stosowa\u0107 nast\u0119puj\u0105ce leki: Berodual,\u00a0 Berotec, Ventolin, w dawkach podanych przez lekarza. Mo\u017cna zastosowa\u0107 inhalacj\u0119 z Berodualu, u\u017cywaj\u0105c elektrycznego nebulizatora.\u00a0 Je\u015bli pomimo zastosowania lek\u00f3w pacjent nie czuje si\u0119 lepiej nale\u017cy wezwa\u0107 karetk\u0119 pogotowia.<\/li>\n<li>Nie pali\u0107 tytoniu.<\/li>\n<li>Unika\u0107 zadymionych dusznych\u00a0 pomieszcze\u0144.<\/li>\n<li>Eliminowa\u0107 lub ograniczy\u0107 indywidualne nara\u017cenie na czynniki \u015brodowiskowe powoduj\u0105ce napady astmy lub zaostrzaj\u0105ce astm\u0119.<\/li>\n<li>Eliminowa\u0107 lub ogranicza\u0107 nara\u017cenie na czynniki infekcyjne.<\/li>\n<li>Likwidowa\u0107 napi\u0119cie psychiczne( przez stosowanie prawid\u0142owych technik odreagowywania\u00a0 i radzenia sobie ze stresem).<\/li>\n<li>Stara\u0107 si\u0119 panowa\u0107 nad emocjami i unika\u0107 w miar\u0119 mo\u017cliwo\u015bci sytuacji powoduj\u0105cych stres.<\/li>\n<li>Nie stosowa\u0107 dezodorant\u00f3w i perfum o intensywnym zapachu , zw\u0142aszcza w aerozolu.<\/li>\n<li>Unika\u0107 gwa\u0142townego wysi\u0142ku, wykonywania szybkich ,gwa\u0142townych oddech\u00f3w.<\/li>\n<li>Ograniczy\u0107 lub wyeliminowa\u0107 spacery w zimn\u0105 ,wietrzn\u0105 ,wilgotn\u0105 pogod\u0119.<\/li>\n<li>Unika\u0107 spacer\u00f3w na wolnej przestrzeni, przy du\u017cym nas\u0142onecznieniu i wietrznej pogodzie, w miejscach ,gdzie koszona jest trawa.<\/li>\n<li>Ograniczy\u0107 lub wyeliminowa\u0107 z diety pokarmy z du\u017c\u0105 zawarto\u015bci\u0105 bia\u0142ka(mleko, twar\u00f3g, jaja).<\/li>\n<li>Wykonywa\u0107 \u0107wiczenia oddechowe z wi\u0119kszym zaanga\u017cowaniem przepony.<\/li>\n<li>Uprawia\u0107 aktywno\u015b\u0107 fizyczn\u0105(jazda na rowerze, spacery w ciep\u0142\u0105 ,s\u0142oneczn\u0105 pogod\u0119).<\/li>\n<li>Przebywa\u0107 w czystych , ciep\u0142ych, suchych , wietrzonych pomieszczeniach.<\/li>\n<li>Dobiera\u0107 odzie\u017c do p\u00f3r roku , temperatury.<\/li>\n<li>Unika\u0107 kontaktu z osobami chorymi.<\/li>\n<li>Stosowa\u0107 szczepienia przeciw grypie.<\/li>\n<li>Stowa\u0107 diet\u0119 zawieraj\u0105c\u0105 warzywa ,owoce, witaminy, mikroelementy.<\/li>\n<li>Korzysta\u0107 z leczenia uzdrowiskowego.<\/li>\n<\/ol>\n<p>\u00a0<\/p>\n<p>\u00a0 \u00a0 \u00a0 \u00a0 \u00a0 \u00a0 \u00a0 \u00a0 \u00a0 \u00a0 \u00a0 \u00a0 \u00a0 \u00a0 \u00a0 \u00a0 \u00a0 \u00a0 \u00a0<\/p>\n<p style=\"text-align: right;\">OPRACOWA\u0141<\/p>\n<p style=\"text-align: right;\">ZESP\u00d3\u0141 PIEL\u0118GNIARSKI SPZOZ-u\u00a0 W\u00a0 PU\u0141AWACH<\/p>\n","protected":false},"excerpt":{"rendered":"<p>Oddzia\u0142 Pulmonologiczny \u00a0 Wskaz\u00f3wki piel\u0119gnacyjne dla pacjenta z ASTM\u0104 OSKRZELOW\u0104 \u00a0 Po wypisie do domu nale\u017cy; Systematycznie kontrolowa\u0107 stan zdrowia u lekarza pulmonologa lub alergologa. Przyjmowa\u0107 systematycznie i dok\u0142adnie leki wziewne i inne przepisane przez lekarza. Pami\u0119ta\u0107 o w\u0142a\u015bciwej kolejno\u015bci stosowania lek\u00f3w wziewnych; Leki rozszerzaj\u0105ce oskrzela-Foradil, Zafiron , Oxodil , Pulmoterol , Forastmin , Diffumax [&hellip;]<\/p>\n","protected":false},"author":4,"featured_media":0,"parent":0,"menu_order":0,"comment_status":"closed","ping_status":"closed","template":"","meta":{"footnotes":""},"class_list":["post-2130","page","type-page","status-publish","hentry"],"_links":{"self":[{"href":"https:\/\/szpitalpulawy.pl\/index.php?rest_route=\/wp\/v2\/pages\/2130","targetHints":{"allow":["GET"]}}],"collection":[{"href":"https:\/\/szpitalpulawy.pl\/index.php?rest_route=\/wp\/v2\/pages"}],"about":[{"href":"https:\/\/szpitalpulawy.pl\/index.php?rest_route=\/wp\/v2\/types\/page"}],"author":[{"embeddable":true,"href":"https:\/\/szpitalpulawy.pl\/index.php?rest_route=\/wp\/v2\/users\/4"}],"replies":[{"embeddable":true,"href":"https:\/\/szpitalpulawy.pl\/index.php?rest_route=%2Fwp%2Fv2%2Fcomments&post=2130"}],"version-history":[{"count":2,"href":"https:\/\/szpitalpulawy.pl\/index.php?rest_route=\/wp\/v2\/pages\/2130\/revisions"}],"predecessor-version":[{"id":2144,"href":"https:\/\/szpitalpulawy.pl\/index.php?rest_route=\/wp\/v2\/pages\/2130\/revisions\/2144"}],"wp:attachment":[{"href":"https:\/\/szpitalpulawy.pl\/index.php?rest_route=%2Fwp%2Fv2%2Fmedia&parent=2130"}],"curies":[{"name":"wp","href":"https:\/\/api.w.org\/{rel}","templated":true}]}}