{"id":2135,"date":"2021-04-12T07:49:36","date_gmt":"2021-04-12T07:49:36","guid":{"rendered":"http:\/\/szpitalpulawy.pl\/?page_id=2135"},"modified":"2021-04-12T07:58:09","modified_gmt":"2021-04-12T07:58:09","slug":"wskazowki-pielegnacyjne-dla-pacjenta-z-choroba-nowotworowa","status":"publish","type":"page","link":"https:\/\/szpitalpulawy.pl\/?page_id=2135","title":{"rendered":"Wskaz\u00f3wki piel\u0119gnacyjne dla pacjenta z chorob\u0105 nowotworow\u0105"},"content":{"rendered":"\n<h3>Oddzia\u0142 Pulmonologiczny<\/h3>\n<p>\u00a0<\/p>\n<h4>Wskaz\u00f3wki piel\u0119gnacyjne dla pacjenta z chorob\u0105 nowotworow\u0105<\/h4>\n<p>\u00a0<\/p>\n<p>Po wypisie ze szpitala nale\u017cy:<\/p>\n<p>1. Regularnie kontrolowa\u0107 stan zdrowia u lekarza. <br \/>2. Przyjmowa\u0107 przypisane przez lekarza lekarstwa. <br \/>3. Korzysta\u0107 ze spacer\u00f3w na \u015bwie\u017cym powietrzu, nie przem\u0119cza\u0107 si\u0119. <br \/>4. Prowadzi\u0107 higieniczny tryb \u017cycia.<br \/>5. Zaprzesta\u0107 palenia tytoniu. <br \/>6. Je\u015bli wyst\u0105pi\u0105 niepokoj\u0105ce objawy: krwawienie z p\u0142uc , krwawienie z kiszki stolcowej, nasilaj\u0105cy si\u0119 b\u00f3l lub inne- nale\u017cy skontaktowa\u0107 si\u0119 z lekarzem. <br \/>7. Stosowa\u0107 diet\u0119 lekkostrawn\u0105 zawieraj\u0105c\u0105: <br \/>\u2022 gotowane jarzyny, gotowane lub duszone mi\u0119so, dr\u00f3b, chude ryby, <br \/>\u2022 soki warzywne, owocowe, niegazowan\u0105 wod\u0119 mineraln\u0105, zio\u0142owe herbatki, <br \/>\u2022 mleko i jego przetwory, <br \/>\u2022 z diety wyeliminowa\u0107 potrawy wzdymaj\u0105ce takie jak: groch, fasola, kapusta, <br \/>\u2022 wyeliminowa\u0107 napoje alkoholowe <br \/>Gdy wyst\u0119puj\u0105 zaparcia mo\u017cna zastosowa\u0107: <br \/>\u2022 otr\u0119by pszenne-[dodawa\u0107 do posi\u0142k\u00f3w], <br \/>\u2022 je\u015b\u0107 pe\u0142noziarniste pieczywo, <br \/>\u2022 pi\u0107 wod\u0119 przegotowan\u0105 na czczo, <br \/>\u2022 pi\u0107 zio\u0142owe herbatki przeczyszczaj\u0105ce, <br \/>\u2022 je\u015b\u0107 regularnie posi\u0142ki pi\u0119\u0107 razy dziennie w mniejszych ilo\u015bciach, <br \/>8. W przypadku przed\u0142u\u017caj\u0105cej si\u0119 apatii, z\u0142ego psychicznego samopoczucia zaleca si\u0119 rozmow\u0119 z psychologiem, psychoterapeut\u0105.<\/p>\n","protected":false},"excerpt":{"rendered":"<p>Oddzia\u0142 Pulmonologiczny \u00a0 Wskaz\u00f3wki piel\u0119gnacyjne dla pacjenta z chorob\u0105 nowotworow\u0105 \u00a0 Po wypisie ze szpitala nale\u017cy: 1. Regularnie kontrolowa\u0107 stan zdrowia u lekarza. 2. Przyjmowa\u0107 przypisane przez lekarza lekarstwa. 3. Korzysta\u0107 ze spacer\u00f3w na \u015bwie\u017cym powietrzu, nie przem\u0119cza\u0107 si\u0119. 4. Prowadzi\u0107 higieniczny tryb \u017cycia.5. Zaprzesta\u0107 palenia tytoniu. 6. Je\u015bli wyst\u0105pi\u0105 niepokoj\u0105ce objawy: krwawienie z p\u0142uc [&hellip;]<\/p>\n","protected":false},"author":4,"featured_media":0,"parent":0,"menu_order":0,"comment_status":"closed","ping_status":"closed","template":"","meta":{"footnotes":""},"class_list":["post-2135","page","type-page","status-publish","hentry"],"_links":{"self":[{"href":"https:\/\/szpitalpulawy.pl\/index.php?rest_route=\/wp\/v2\/pages\/2135","targetHints":{"allow":["GET"]}}],"collection":[{"href":"https:\/\/szpitalpulawy.pl\/index.php?rest_route=\/wp\/v2\/pages"}],"about":[{"href":"https:\/\/szpitalpulawy.pl\/index.php?rest_route=\/wp\/v2\/types\/page"}],"author":[{"embeddable":true,"href":"https:\/\/szpitalpulawy.pl\/index.php?rest_route=\/wp\/v2\/users\/4"}],"replies":[{"embeddable":true,"href":"https:\/\/szpitalpulawy.pl\/index.php?rest_route=%2Fwp%2Fv2%2Fcomments&post=2135"}],"version-history":[{"count":2,"href":"https:\/\/szpitalpulawy.pl\/index.php?rest_route=\/wp\/v2\/pages\/2135\/revisions"}],"predecessor-version":[{"id":2143,"href":"https:\/\/szpitalpulawy.pl\/index.php?rest_route=\/wp\/v2\/pages\/2135\/revisions\/2143"}],"wp:attachment":[{"href":"https:\/\/szpitalpulawy.pl\/index.php?rest_route=%2Fwp%2Fv2%2Fmedia&parent=2135"}],"curies":[{"name":"wp","href":"https:\/\/api.w.org\/{rel}","templated":true}]}}