{"id":2488,"date":"2021-12-27T12:30:36","date_gmt":"2021-12-27T12:30:36","guid":{"rendered":"http:\/\/szpitalpulawy.pl\/?page_id=2488"},"modified":"2021-12-27T12:30:47","modified_gmt":"2021-12-27T12:30:47","slug":"rejestracja-na-szczepienie-covid-19","status":"publish","type":"page","link":"https:\/\/szpitalpulawy.pl\/?page_id=2488","title":{"rendered":"Rejestracja na szczepienie COVID-19"},"content":{"rendered":"\n<ol>\n<li>Telefonicznie- dzwonimy &nbsp;pod bezp\u0142atny, ca\u0142odobowy numer infolinii \u2013 <strong>989<\/strong> lub&nbsp; na numer Call Center \u2013 <strong>81 450 02 501 <\/strong>Rejestracja za pomoc\u0105 Call \u2013 Center odbywa si\u0119 od poniedzia\u0142ku do pi\u0105tku w godzinach od 8:00 do 18:00<\/li>\n<\/ol>\n<ol start=\"2\">\n<li>Elektronicznie poprzez <strong>e-Rejestracj\u0119<\/strong> dost\u0119pn\u0105 na portalu <strong><u>gov.pl<\/u><\/strong><\/li>\n<li>Za pomoc\u0105 SMS, wiadomo\u015b\u0107 nale\u017cy wys\u0142a\u0107 pod numer <strong>664&nbsp;908&nbsp;556&nbsp;<\/strong>lub<strong>880 333 333<\/strong>&nbsp;o tre\u015bci:&nbsp;<strong>SzczepimySie<\/strong><strong>.<\/strong><\/li>\n<\/ol>\n","protected":false},"excerpt":{"rendered":"<p>Telefonicznie- dzwonimy &nbsp;pod bezp\u0142atny, ca\u0142odobowy numer infolinii \u2013 989 lub&nbsp; na numer Call Center \u2013 81 450 02 501 Rejestracja za pomoc\u0105 Call \u2013 Center odbywa si\u0119 od poniedzia\u0142ku do pi\u0105tku w godzinach od 8:00 do 18:00 Elektronicznie poprzez e-Rejestracj\u0119 dost\u0119pn\u0105 na portalu gov.pl Za pomoc\u0105 SMS, wiadomo\u015b\u0107 nale\u017cy wys\u0142a\u0107 pod numer 664&nbsp;908&nbsp;556&nbsp;lub880 333 333&nbsp;o [&hellip;]<\/p>\n","protected":false},"author":1,"featured_media":0,"parent":0,"menu_order":0,"comment_status":"closed","ping_status":"closed","template":"","meta":{"footnotes":""},"class_list":["post-2488","page","type-page","status-publish","hentry"],"_links":{"self":[{"href":"https:\/\/szpitalpulawy.pl\/index.php?rest_route=\/wp\/v2\/pages\/2488","targetHints":{"allow":["GET"]}}],"collection":[{"href":"https:\/\/szpitalpulawy.pl\/index.php?rest_route=\/wp\/v2\/pages"}],"about":[{"href":"https:\/\/szpitalpulawy.pl\/index.php?rest_route=\/wp\/v2\/types\/page"}],"author":[{"embeddable":true,"href":"https:\/\/szpitalpulawy.pl\/index.php?rest_route=\/wp\/v2\/users\/1"}],"replies":[{"embeddable":true,"href":"https:\/\/szpitalpulawy.pl\/index.php?rest_route=%2Fwp%2Fv2%2Fcomments&post=2488"}],"version-history":[{"count":1,"href":"https:\/\/szpitalpulawy.pl\/index.php?rest_route=\/wp\/v2\/pages\/2488\/revisions"}],"predecessor-version":[{"id":2489,"href":"https:\/\/szpitalpulawy.pl\/index.php?rest_route=\/wp\/v2\/pages\/2488\/revisions\/2489"}],"wp:attachment":[{"href":"https:\/\/szpitalpulawy.pl\/index.php?rest_route=%2Fwp%2Fv2%2Fmedia&parent=2488"}],"curies":[{"name":"wp","href":"https:\/\/api.w.org\/{rel}","templated":true}]}}