{"id":307,"date":"2017-09-20T07:32:40","date_gmt":"2017-09-20T07:32:40","guid":{"rendered":"http:\/\/szpitalpulawy.pl\/wordpress\/?page_id=307"},"modified":"2025-12-18T10:04:14","modified_gmt":"2025-12-18T10:04:14","slug":"numery-telefonow","status":"publish","type":"page","link":"https:\/\/szpitalpulawy.pl\/?page_id=307","title":{"rendered":"Numery telefon\u00f3w"},"content":{"rendered":"<div class=\"wpb-content-wrapper\"><p>[vc_row][vc_column][vc_column_text css=&#8221;&#8221;]Wykaz numer\u00f3w telefon\u00f3w w Samodzielnym Publicznym Zak\u0142adzie Opieki Zdrowotnej w Pu\u0142awach.<\/p>\n<table style=\"width: 100%; height: 2320px;\" width=\"941\">\n<tbody>\n<tr style=\"height: 24px;\">\n<td style=\"height: 24px; width: 58.3333%;\" width=\"568\">Kom\u00f3rki organizacyjne Szpitala<\/td>\n<td style=\"height: 24px; width: 18.2143%;\" width=\"170\">Numer telefonu<\/td>\n<\/tr>\n<tr style=\"background-color: #006399;\">\n<td style=\"height: 24px; width: 76.5476%;\" colspan=\"2\" width=\"941\"><span style=\"color: #ffffff;\">DYREKCJA<\/span><\/td>\n<\/tr>\n<tr style=\"height: 45px;\">\n<td style=\"height: 45px; width: 58.3333%;\" width=\"568\">Sekretariat Dyrektora Naczelnego<\/td>\n<td style=\"height: 45px; width: 18.2143%;\" width=\"170\"><strong>tel. 81 45 02 274<br \/>\nfax. 81 47 08 301<\/strong><\/td>\n<\/tr>\n<tr style=\"height: 45px;\">\n<td style=\"height: 45px; width: 58.3333%;\" width=\"568\">Sekretariat Z-cy Dyrektora ds. Lecznictwa<\/td>\n<td style=\"height: 45px; width: 18.2143%;\" width=\"170\"><strong>tel. 81 45 02 277<br \/>\nfax. 81 47 08 302<\/strong><\/td>\n<\/tr>\n<tr style=\"height: 24px;\">\n<td style=\"height: 24px; width: 58.3333%;\" width=\"568\">G\u0142\u00f3wny Ksi\u0119gowy<\/td>\n<td style=\"height: 24px; width: 18.2143%;\" width=\"170\"><strong>81 45 02 292<\/strong><\/td>\n<\/tr>\n<tr style=\"height: 24px;\">\n<td style=\"height: 24px; width: 58.3333%;\" width=\"568\">Naczelna Piel\u0119gniarka<\/td>\n<td style=\"height: 24px; width: 18.2143%;\" width=\"170\"><strong>81 45 02 277<\/strong><\/td>\n<\/tr>\n<tr style=\"background-color: #006399;\">\n<td style=\"height: 24px; width: 76.5476%;\" colspan=\"2\" width=\"941\"><strong><span style=\"color: #ffffff;\">ODDZIA\u0141Y SZPITALNE \u2013 Pawilon A<\/span><\/strong><\/td>\n<\/tr>\n<tr style=\"height: 45px;\">\n<td style=\"height: 45px; width: 58.3333%;\" width=\"568\">Szpitalny Oddzia\u0142 Ratunkowy<\/td>\n<td style=\"height: 45px; width: 18.2143%;\" width=\"170\"><strong>81 45 02 159<br \/>\n81 45 02 162<\/strong><\/td>\n<\/tr>\n<tr style=\"height: 24px;\">\n<td style=\"height: 24px; width: 58.3333%;\" width=\"568\">Ambulatorium Nocnej i \u015awi\u0105tecznej Opieki Zdrowotnej<\/td>\n<td style=\"height: 24px; width: 18.2143%;\"><strong>81 45 02 510<\/strong><\/td>\n<\/tr>\n<tr style=\"height: 24px;\">\n<td style=\"height: 24px; width: 58.3333%;\">\u015awiadczenia lekarza w warunkach domowych<\/td>\n<td style=\"height: 24px; width: 18.2143%;\"><strong>661 363 999<\/strong><\/td>\n<\/tr>\n<tr style=\"height: 24px;\">\n<td style=\"height: 24px; width: 58.3333%;\" width=\"568\">Oddzia\u0142 Dzieci\u0119cy<\/td>\n<td style=\"height: 24px; width: 18.2143%;\"><strong>81 45 02 111<\/strong><\/td>\n<\/tr>\n<tr style=\"height: 24px;\">\n<td style=\"height: 24px; width: 58.3333%;\" width=\"568\">Oddzia\u0142 Chirurgii Dzieci\u0119cej<\/td>\n<td style=\"height: 24px; width: 18.2143%;\"><strong>81 45 02 100<\/strong><\/td>\n<\/tr>\n<tr style=\"height: 24px;\">\n<td style=\"height: 24px; width: 58.3333%;\" width=\"568\">Oddzia\u0142 Obserwacyjno-Zaka\u017any dla Dzieci<\/td>\n<td style=\"height: 24px; width: 18.2143%;\"><strong>81 45 02 212<\/strong><\/td>\n<\/tr>\n<tr style=\"height: 24px;\">\n<td style=\"height: 24px; width: 58.3333%;\" width=\"568\">Oddzia\u0142 Chirurgii Og\u00f3lnej<\/td>\n<td style=\"height: 24px; width: 18.2143%;\"><strong>81 45 02 104<\/strong><\/td>\n<\/tr>\n<tr style=\"height: 24px;\">\n<td style=\"height: 24px; width: 58.3333%;\" width=\"568\">Oddzia\u0142 Anestezjologii i Intensywnej Terapii<\/td>\n<td style=\"height: 24px; width: 18.2143%;\"><strong>81 45 02 142<\/strong><\/td>\n<\/tr>\n<tr style=\"height: 24px;\">\n<td style=\"height: 24px; width: 58.3333%;\" width=\"568\">Oddzia\u0142 Rehabilitacji i Rehabilitacji Neurologicznej<\/td>\n<td style=\"height: 24px; width: 18.2143%;\"><strong>81 45 02 176<\/strong><\/td>\n<\/tr>\n<tr style=\"height: 24px;\">\n<td style=\"height: 24px; width: 58.3333%;\" width=\"568\">Oddzia\u0142 Chirurgii Urazowo &#8211; Ortopedycznej<\/td>\n<td style=\"height: 24px; width: 18.2143%;\"><strong>81 45 02 153<\/strong><\/td>\n<\/tr>\n<tr style=\"height: 24px;\">\n<td style=\"height: 24px; width: 58.3333%;\" width=\"568\">Oddzia\u0142 Kardiologii i chor\u00f3b wewn\u0119trznych<\/td>\n<td style=\"height: 24px; width: 18.2143%;\"><strong>81 45 02 122<\/strong><\/td>\n<\/tr>\n<tr style=\"height: 24px;\">\n<td style=\"height: 24px; width: 58.3333%;\" width=\"568\">Oddzia\u0142 Neurologii i Udarowy<\/td>\n<td style=\"height: 24px; width: 18.2143%;\"><strong>81 45 02 132<\/strong><\/td>\n<\/tr>\n<tr style=\"background-color: #006399;\">\n<td style=\"height: 24px; width: 58.3333%;\" width=\"568\"><span style=\"color: #ffffff;\">Zak\u0142ad Opieku\u0144czo &#8211; Leczniczy<\/span><\/td>\n<td style=\"height: 24px; width: 18.2143%;\"><strong>81 45 02 221<\/strong><\/td>\n<\/tr>\n<tr style=\"height: 24px;\">\n<td style=\"height: 24px; width: 58.3333%;\" width=\"568\">Oddzia\u0142 Wewn\u0119trzny z Pododdzia\u0142em Reumatologicznym<\/td>\n<td style=\"height: 24px; width: 18.2143%;\"><strong>81 45 02 201<\/strong><\/td>\n<\/tr>\n<tr style=\"height: 24px;\">\n<td style=\"height: 24px; width: 58.3333%;\" width=\"568\">Pododdzia\u0142 Reumatologiczny<\/td>\n<td style=\"height: 24px; width: 18.2143%;\"><strong>81 45 02 180<\/strong><\/td>\n<\/tr>\n<tr style=\"background-color: #006399;\">\n<td style=\"height: 24px; width: 76.5476%;\" colspan=\"2\" width=\"941\"><strong><span style=\"color: #ffffff;\">ODDZIA\u0141Y SZPITALNE \u2013 Pawilon B<\/span><\/strong><\/td>\n<\/tr>\n<tr style=\"height: 24px;\">\n<td style=\"height: 24px; width: 58.3333%;\" width=\"568\">Oddzia\u0142 Urologii i Onkologii Urologicznej<\/td>\n<td style=\"height: 24px; width: 18.2143%;\"><strong>81 45 02 196<\/strong><\/td>\n<\/tr>\n<tr style=\"height: 24px;\">\n<td style=\"height: 24px; width: 58.3333%;\" width=\"568\">Oddzia\u0142 Okulistyczny<\/td>\n<td style=\"height: 24px; width: 18.2143%;\"><strong>81 45 02 146<\/strong><\/td>\n<\/tr>\n<tr style=\"height: 24px;\">\n<td style=\"height: 24px; width: 58.3333%;\" width=\"568\">Oddzia\u0142 Po\u0142o\u017cniczo &#8211; Ginekologiczny &#8211; cz\u0119\u015b\u0107 ginekologiczna<\/td>\n<td style=\"height: 24px; width: 18.2143%;\"><strong>81 45 02 117<\/strong><\/td>\n<\/tr>\n<tr style=\"height: 24px;\">\n<td style=\"height: 24px; width: 58.3333%;\" width=\"568\">Oddzia\u0142 Po\u0142o\u017cniczo &#8211; Ginekologiczny &#8211; cz\u0119\u015b\u0107 po\u0142o\u017cnicza<\/td>\n<td style=\"height: 24px; width: 18.2143%;\"><strong>81 45 02 168<\/strong><\/td>\n<\/tr>\n<tr style=\"height: 24px;\">\n<td style=\"height: 24px; width: 58.3333%;\" width=\"568\">Oddzia\u0142 Noworodkowy<\/td>\n<td style=\"height: 24px; width: 18.2143%;\"><strong>81 45 02 139<\/strong><\/td>\n<\/tr>\n<tr style=\"background-color: #006399;\">\n<td style=\"height: 24px; width: 76.5476%;\" colspan=\"2\" width=\"941\"><strong><span style=\"color: #ffffff;\">ODDZIA\u0141Y SZPITALNE \u2013 Pawilon C<\/span><\/strong><\/td>\n<\/tr>\n<tr style=\"height: 24px;\">\n<td style=\"height: 24px; width: 58.3333%;\" width=\"568\">Oddzia\u0142 Obserwacyjno-Zaka\u017any dla Doros\u0142ych<\/td>\n<td style=\"height: 24px; width: 18.2143%;\"><strong>81 45 02 205<\/strong><\/td>\n<\/tr>\n<tr style=\"height: 24px;\">\n<td style=\"height: 24px; width: 58.3333%;\" width=\"568\">Oddzia\u0142 Pulmonologiczny<\/td>\n<td style=\"height: 24px; width: 18.2143%;\"><strong>81 45 02 172<\/strong><\/td>\n<\/tr>\n<tr style=\"background-color: #006399;\">\n<td style=\"height: 24px; width: 76.5476%;\" colspan=\"2\"><strong><span style=\"color: #ffffff;\">ZAK\u0141ADY i PRACOWNIE &#8211; POZOSTA\u0141E KOM\u00d3RKI MEDYCZNE &#8211; Pawilon A<\/span><\/strong><\/td>\n<\/tr>\n<tr style=\"height: 24px;\">\n<td style=\"height: 24px; width: 58.3333%;\" width=\"568\">Pracownia Histopatologii<\/td>\n<td style=\"height: 24px; width: 18.2143%;\"><strong>81 45 02 258<\/strong><\/td>\n<\/tr>\n<tr style=\"height: 24px;\">\n<td style=\"height: 24px; width: 58.3333%;\" width=\"568\">Zak\u0142ad Rehabilitacji<\/td>\n<td style=\"height: 24px; width: 18.2143%;\"><strong>81 45 02 214<\/strong><\/td>\n<\/tr>\n<tr style=\"height: 45px;\">\n<td style=\"height: 45px; width: 58.3333%;\" width=\"568\">Zak\u0142ad Diagnostyki Obrazowej (rejestracja na badania tomografii komputerowej, usg, rtg, mammografia)<\/td>\n<td style=\"height: 45px; width: 18.2143%;\"><strong>81 45 02 184<\/strong><\/td>\n<\/tr>\n<tr style=\"height: 24px;\">\n<td style=\"height: 24px; width: 58.3333%;\" width=\"568\">Pracownia EEG \/ EMG<\/td>\n<td style=\"height: 24px; width: 18.2143%;\"><strong>81 45 02 132<\/strong><\/td>\n<\/tr>\n<tr style=\"height: 45px;\">\n<td style=\"height: 45px; width: 58.3333%;\" width=\"568\">Pracownia Endoskopowa (rejestracja na badanie gastroskopii, kolonoskopii)<\/td>\n<td style=\"height: 45px; width: 18.2143%;\"><strong>81 45 02 260<br \/>\n<\/strong><\/td>\n<\/tr>\n<tr style=\"height: 24px;\">\n<td style=\"height: 24px; width: 58.3333%;\" width=\"568\">Laboratorium<\/td>\n<td style=\"height: 24px; width: 18.2143%;\"><strong>81 45 02 231<\/strong><\/td>\n<\/tr>\n<tr style=\"height: 24px;\">\n<td style=\"height: 24px; width: 58.3333%;\" width=\"568\">Apteka Szpitalna<\/td>\n<td style=\"height: 24px; width: 18.2143%;\"><strong>81 45 02 227<\/strong><\/td>\n<\/tr>\n<tr style=\"height: 24px;\">\n<td style=\"height: 24px; width: 58.3333%;\" width=\"568\">Higiena Szpitalna &#8211; kierownik<\/td>\n<td style=\"height: 24px; width: 18.2143%;\"><strong>81 45 02 280<\/strong><\/td>\n<\/tr>\n<tr style=\"height: 24px;\">\n<td style=\"height: 24px; width: 58.3333%;\" width=\"568\">Regionalne Centrum Krwiodawstwa i Krwiolecznictwa<\/td>\n<td style=\"height: 24px; width: 18.2143%;\"><strong>81 45 02 300<\/strong><\/td>\n<\/tr>\n<tr style=\"background-color: #006399;\">\n<td style=\"height: 24px; width: 76.5476%;\" colspan=\"2\" width=\"941\"><strong><span style=\"color: #ffffff;\">REJESTRACJA &#8211; PRZYCHODNIA SPECJALISTYCZNA PRZYSZPITALNA &#8211; Szpital, ul. J. Bema 1 &#8211; Pawilon A<\/span><\/strong><\/td>\n<\/tr>\n<tr style=\"height: 24px;\">\n<td style=\"height: 24px; width: 58.3333%;\" width=\"568\">Poradnia rehabilitacyjna<\/td>\n<td style=\"height: 48px; width: 18.2143%;\" rowspan=\"2\"><strong>81 45 02 260<\/strong><\/td>\n<\/tr>\n<tr style=\"height: 24px;\">\n<td style=\"height: 24px; width: 58.3333%;\" width=\"568\">Poradnia gastroenterologiczna dla doros\u0142ych i dzieci<\/td>\n<\/tr>\n<tr style=\"height: 24px;\">\n<td style=\"height: 24px; width: 58.3333%;\" width=\"568\">Poradnia onkologiczna z pracowni\u0105 podawania cytostatyk\u00f3w<\/td>\n<td style=\"height: 24px; width: 18.2143%;\"><strong>81 45 02 151<\/strong><\/td>\n<\/tr>\n<tr style=\"height: 24px;\">\n<td style=\"height: 24px; width: 58.3333%;\" width=\"568\">Poradnia rozwoju noworodka i problem\u00f3w laktacyjnych<\/td>\n<td style=\"height: 48px; width: 18.2143%;\" rowspan=\"2\"><strong>81 45 02 260<\/strong><\/td>\n<\/tr>\n<tr style=\"height: 24px;\">\n<td style=\"height: 24px; width: 58.3333%;\" width=\"568\">Poradnia alergologiczna dla dzieci<\/td>\n<\/tr>\n<tr style=\"height: 24px;\">\n<td style=\"height: 24px; width: 58.3333%;\" width=\"568\">Poradnia hepatologiczna<\/td>\n<td style=\"height: 48px; width: 18.2143%;\" rowspan=\"2\"><strong>81 45 02 260<\/strong><\/td>\n<\/tr>\n<tr style=\"height: 24px;\">\n<td style=\"height: 24px; width: 58.3333%;\" width=\"568\">Poradnia chor\u00f3b zaka\u017anych dla doros\u0142ych i dzieci<\/td>\n<\/tr>\n<tr style=\"background-color: #006399;\">\n<td style=\"height: 24px; width: 76.5476%;\" colspan=\"2\" width=\"941\"><strong><span style=\"color: #ffffff;\">REJESTRACJA &#8211; PRZYCHODNIA SPECJALISTYCZNA ul. Centralna 16<\/span><\/strong><\/td>\n<\/tr>\n<tr style=\"height: 24px;\">\n<td style=\"height: 24px; width: 58.3333%;\" width=\"568\">Poradnia chirurgii dzieci\u0119cej<\/td>\n<td style=\"height: 192px; width: 18.2143%;\" rowspan=\"8\"><strong>81 45 02 501<br \/>\n<\/strong><\/td>\n<\/tr>\n<tr style=\"height: 24px;\">\n<td style=\"height: 24px; width: 58.3333%;\" width=\"568\">Poradnia okulistyczna<\/td>\n<\/tr>\n<tr style=\"height: 24px;\">\n<td style=\"height: 24px; width: 58.3333%;\" width=\"568\">Poradnia chirurgii urazowo &#8211; ortopedycznej<\/td>\n<\/tr>\n<tr style=\"height: 24px;\">\n<td style=\"height: 24px; width: 58.3333%;\" width=\"568\">Poradnia chirurgii og\u00f3lnej<\/td>\n<\/tr>\n<tr style=\"height: 24px;\">\n<td style=\"height: 24px; width: 58.3333%;\" width=\"568\">Poradnia p\/gru\u017alicza<\/td>\n<\/tr>\n<tr style=\"height: 24px;\">\n<td style=\"height: 24px; width: 58.3333%;\" width=\"568\">Poradnia laryngologiczna<\/td>\n<\/tr>\n<tr style=\"height: 24px;\">\n<td style=\"height: 24px; width: 58.3333%;\" width=\"568\">Poradnia reumatologiczna dla doros\u0142ych i dzieci<\/td>\n<\/tr>\n<tr style=\"height: 24px;\">\n<td style=\"height: 24px; width: 58.3333%;\" width=\"568\">Poradnia dermatologiczna<\/td>\n<\/tr>\n<tr style=\"height: 24px;\">\n<td style=\"height: 24px; width: 58.3333%;\" width=\"568\">Poradnia zdrowia psychicznego<\/td>\n<td style=\"height: 24px; width: 18.2143%;\"><strong>\u00a081 45 02 501<\/strong><\/td>\n<\/tr>\n<tr style=\"height: 24px;\">\n<td style=\"height: 24px; width: 58.3333%;\" width=\"568\">Poradnia terapii uzale\u017cnienia i wsp\u00f3\u0142uzale\u017cnienia od alkoholu<\/td>\n<td style=\"height: 24px; width: 18.2143%;\"><strong> 81 45 02 501<\/strong><\/td>\n<\/tr>\n<tr style=\"height: 24px;\">\n<td style=\"height: 24px; width: 58.3333%;\" width=\"568\">Poradnia medycyny pracy<\/td>\n<td style=\"height: 24px; width: 18.2143%;\"><strong>81 45 02 349<\/strong><\/td>\n<\/tr>\n<tr style=\"height: 24px;\">\n<td style=\"height: 24px; width: 58.3333%;\" width=\"568\">Poradnia endokrynologiczna<\/td>\n<td style=\"width: 18.2143%; height: 24px;\"><strong>81 45 02 501<\/strong><\/td>\n<\/tr>\n<tr style=\"height: 24px;\">\n<td style=\"height: 24px; width: 58.3333%;\" width=\"568\">Poradnia diabetologiczna<\/td>\n<td style=\"width: 18.2143%; height: 24px;\"><strong>81 45 02 501<\/strong><\/td>\n<\/tr>\n<tr style=\"height: 24px;\">\n<td style=\"height: 24px; width: 58.3333%;\" width=\"568\">Poradnia neurologiczna<\/td>\n<td style=\"width: 18.2143%; height: 24px;\"><strong>81 45 02 501<\/strong><\/td>\n<\/tr>\n<tr style=\"height: 24px;\">\n<td style=\"height: 24px; width: 58.3333%;\" width=\"568\">Poradnia pulmonologiczna<\/td>\n<td style=\"width: 18.2143%; height: 24px;\"><strong>81 45 02 501<\/strong><\/td>\n<\/tr>\n<tr style=\"height: 24px;\">\n<td style=\"height: 24px; width: 58.3333%;\" width=\"568\">Poradnia urologiczna z pracownia bada\u0144 urodynamicznych<\/td>\n<td style=\"width: 18.2143%; height: 24px;\"><strong>81 45 02 501<\/strong><\/td>\n<\/tr>\n<tr style=\"background-color: #006399;\">\n<td style=\"height: 24px; width: 76.5476%;\" colspan=\"2\" width=\"941\"><strong><span style=\"color: #ffffff;\">PRZYCHODNIA POZ NR 1, 24-100 Pu\u0142awy, ul. Partyzant\u00f3w 17<\/span><\/strong><\/td>\n<\/tr>\n<tr style=\"height: 24px;\">\n<td style=\"height: 24px; width: 58.3333%;\" width=\"568\">Poradnia lekarza POZ<\/td>\n<td style=\"height: 49px; width: 18.2143%;\" rowspan=\"2\" width=\"170\"><strong>81 45 02 313<br \/>\n<\/strong><\/td>\n<\/tr>\n<tr style=\"height: 24px;\">\n<td style=\"height: 25px; width: 58.3333%;\" width=\"568\">Poradnia ginekologiczno &#8211; po\u0142o\u017cnicza<\/td>\n<\/tr>\n<tr style=\"height: 24px;\">\n<td style=\"width: 58.3333%; height: 24px;\">Poradnia endokrynologiczna<\/td>\n<td style=\"width: 18.2143%; height: 24px;\"><strong> 81 45 02 313<\/strong><\/td>\n<\/tr>\n<tr style=\"background-color: #006399;\">\n<td style=\"height: 24px; width: 76.5476%;\" colspan=\"2\" width=\"941\"><strong><span style=\"color: #ffffff;\">PRZYCHODNIA POZ NR 2, 24-100 Pu\u0142awy, ul. Sk\u0142odowskiej 10<\/span><\/strong><\/td>\n<\/tr>\n<tr style=\"height: 24px;\">\n<td style=\"height: 24px; width: 58.3333%;\" width=\"568\">Poradnia lekarza POZ<\/td>\n<td style=\"height: 24px; width: 18.2143%;\" width=\"170\"><strong>81 45 02 326<br \/>\n<\/strong><\/td>\n<\/tr>\n<tr style=\"height: 36px;\">\n<td style=\"width: 58.3333%; height: 36px;\">Poradnia kardiologiczna<\/td>\n<td style=\"width: 18.2143%; height: 36px;\"><strong>81 45 02 326<\/strong><\/td>\n<\/tr>\n<tr style=\"background-color: #006399;\">\n<td style=\"height: 24px; width: 76.5476%;\" colspan=\"2\" width=\"941\"><strong><span style=\"color: #ffffff;\">PRZYCHODNIA POZ NR 3, 24-100 Pu\u0142awy, ul. Kili\u0144skiego 22<\/span><\/strong><\/td>\n<\/tr>\n<tr style=\"height: 24px;\">\n<td style=\"height: 24px; width: 58.3333%;\" width=\"568\">Poradnia lekarza POZ<\/td>\n<td style=\"height: 24px; width: 18.2143%;\" width=\"170\"><strong>81 45 02 385<br \/>\n<\/strong><\/td>\n<\/tr>\n<tr style=\"background-color: #006399;\">\n<td style=\"height: 24px; width: 76.5476%;\" colspan=\"2\"><strong><span style=\"color: #ffffff;\">ADMINISTRACJA<\/span><\/strong><\/td>\n<\/tr>\n<tr style=\"height: 45px;\">\n<td style=\"height: 45px; width: 58.3333%;\">Piel\u0119gniarka Epidemiologiczna<\/td>\n<td style=\"height: 45px; width: 18.2143%;\"><strong>81 45 02 281<\/strong><\/td>\n<\/tr>\n<tr style=\"height: 45px;\">\n<td style=\"height: 45px; width: 58.3333%;\" width=\"568\">Dzia\u0142 Organizacji i Promocji &#8211; kierownik<\/td>\n<td style=\"height: 45px; width: 18.2143%;\"><strong>81 45 02 255<\/strong><\/td>\n<\/tr>\n<tr style=\"height: 24px;\">\n<td style=\"height: 24px; width: 58.3333%;\" width=\"568\">Dzia\u0142 Ksi\u0119gowo\u015bci<\/td>\n<td style=\"height: 24px; width: 18.2143%;\" width=\"170\"><strong>\u00a081 45 02 292<\/strong><\/td>\n<\/tr>\n<tr style=\"height: 24px;\">\n<td style=\"height: 24px; width: 58.3333%;\" width=\"568\">Dzia\u0142 Inwestycji i Projekt\u00f3w<\/td>\n<td style=\"height: 24px; width: 18.2143%;\" width=\"170\"><strong>81 45 02 294<\/strong><\/td>\n<\/tr>\n<tr style=\"height: 24px;\">\n<td style=\"height: 24px; width: 58.3333%;\" width=\"568\">Dzia\u0142 Kadr\u00a0 i P\u0142ac<\/td>\n<td style=\"height: 24px; width: 18.2143%;\" width=\"170\"><strong>81 45 02 283<\/strong><\/td>\n<\/tr>\n<tr style=\"height: 24px;\">\n<td style=\"height: 24px; width: 58.3333%;\" width=\"568\">Dzia\u0142 Rozlicze\u0144 z NFZ i Statystyki Medycznej\u00a0 &#8211; kierownik<\/td>\n<td style=\"height: 24px; width: 18.2143%;\"><strong>81 45 02 252<\/strong><\/td>\n<\/tr>\n<tr style=\"height: 24px;\">\n<td style=\"height: 24px; width: 58.3333%;\" width=\"568\">Rozliczenia z LOW NFZ<\/td>\n<td style=\"height: 72px; width: 18.2143%;\" rowspan=\"3\" width=\"170\"><strong>81 45 02 254<\/strong><\/td>\n<\/tr>\n<tr style=\"height: 24px;\">\n<td style=\"height: 24px; width: 58.3333%;\" width=\"568\">Statystyka medyczna<\/td>\n<\/tr>\n<tr style=\"height: 24px;\">\n<td style=\"height: 24px; width: 58.3333%;\" width=\"568\">Archiwum szpitalne<\/td>\n<\/tr>\n<tr style=\"height: 24px;\">\n<td style=\"height: 24px; width: 58.3333%;\" width=\"568\">Zaopatrzenie- magazyn<\/td>\n<td style=\"height: 24px; width: 18.2143%;\" width=\"170\"><strong>81 45 02 223<\/strong><\/td>\n<\/tr>\n<tr style=\"height: 24px;\">\n<td style=\"height: 24px; width: 58.3333%;\" width=\"568\">Dzia\u0142 Zam\u00f3wie\u0144 Publicznych<\/td>\n<td style=\"height: 24px; width: 18.2143%;\" width=\"170\"><strong>81 45 02 389<\/strong><\/td>\n<\/tr>\n<tr style=\"height: 24px;\">\n<td style=\"height: 24px; width: 58.3333%;\" width=\"568\">Informatycy<\/td>\n<td style=\"height: 24px; width: 18.2143%;\" width=\"170\"><strong>81 45 02 297<\/strong><\/td>\n<\/tr>\n<tr style=\"height: 24px;\">\n<td style=\"height: 24px; width: 58.3333%;\" width=\"568\">Dzia\u0142 Techniczno-Gospodarczy &#8211; kierownik<\/td>\n<td style=\"height: 24px; width: 18.2143%;\" width=\"170\"><strong>81 45 02 238<\/strong><\/td>\n<\/tr>\n<tr style=\"height: 24px;\">\n<td style=\"height: 24px; width: 58.3333%;\" width=\"568\"><\/td>\n<td style=\"height: 24px; width: 18.2143%;\" width=\"170\"><\/td>\n<\/tr>\n<\/tbody>\n<\/table>\n<p>[\/vc_column_text][\/vc_column][\/vc_row]<\/p>\n<\/div>","protected":false},"excerpt":{"rendered":"<p>[vc_row][vc_column][vc_column_text css=&#8221;&#8221;]Wykaz numer\u00f3w telefon\u00f3w w Samodzielnym Publicznym Zak\u0142adzie Opieki Zdrowotnej w Pu\u0142awach. Kom\u00f3rki organizacyjne Szpitala Numer telefonu DYREKCJA Sekretariat Dyrektora Naczelnego tel. 81 45 02 274 fax. 81 47 08 301 Sekretariat Z-cy Dyrektora ds. Lecznictwa tel. 81 45 02 277 fax. 81 47 08 302 G\u0142\u00f3wny Ksi\u0119gowy 81 45 02 292 Naczelna Piel\u0119gniarka 81 [&hellip;]<\/p>\n","protected":false},"author":10,"featured_media":0,"parent":0,"menu_order":0,"comment_status":"closed","ping_status":"closed","template":"","meta":{"footnotes":""},"class_list":["post-307","page","type-page","status-publish","hentry"],"_links":{"self":[{"href":"https:\/\/szpitalpulawy.pl\/index.php?rest_route=\/wp\/v2\/pages\/307","targetHints":{"allow":["GET"]}}],"collection":[{"href":"https:\/\/szpitalpulawy.pl\/index.php?rest_route=\/wp\/v2\/pages"}],"about":[{"href":"https:\/\/szpitalpulawy.pl\/index.php?rest_route=\/wp\/v2\/types\/page"}],"author":[{"embeddable":true,"href":"https:\/\/szpitalpulawy.pl\/index.php?rest_route=\/wp\/v2\/users\/10"}],"replies":[{"embeddable":true,"href":"https:\/\/szpitalpulawy.pl\/index.php?rest_route=%2Fwp%2Fv2%2Fcomments&post=307"}],"version-history":[{"count":41,"href":"https:\/\/szpitalpulawy.pl\/index.php?rest_route=\/wp\/v2\/pages\/307\/revisions"}],"predecessor-version":[{"id":7243,"href":"https:\/\/szpitalpulawy.pl\/index.php?rest_route=\/wp\/v2\/pages\/307\/revisions\/7243"}],"wp:attachment":[{"href":"https:\/\/szpitalpulawy.pl\/index.php?rest_route=%2Fwp%2Fv2%2Fmedia&parent=307"}],"curies":[{"name":"wp","href":"https:\/\/api.w.org\/{rel}","templated":true}]}}