{"id":358,"date":"2017-10-16T07:51:21","date_gmt":"2017-10-16T07:51:21","guid":{"rendered":"http:\/\/szpitalpulawy.pl\/wordpress\/?page_id=358"},"modified":"2018-09-20T18:25:35","modified_gmt":"2018-09-20T18:25:35","slug":"uprawnienia-pacjentow-do-swiadczen-opieki-zdrowotnej","status":"publish","type":"page","link":"https:\/\/szpitalpulawy.pl\/?page_id=358","title":{"rendered":"Uprawnienia pacjent\u00f3w do \u015bwiadcze\u0144 opieki zdrowotnej"},"content":{"rendered":"<p><strong>Prawo do \u015bwiadcze\u0144 opieki zdrowotnej w ramach ubezpieczenia zdrowotnego przys\u0142uguje m.in.:<\/strong><\/p>\n<ul>\n<li style=\"text-align: justify;\">osobom obj\u0119tym powszechnym obowi\u0105zkowym ubezpieczeniem zdrowotnym, czyli zatrudnionym, prowadz\u0105cym dzia\u0142alno\u015b\u0107 gospodarcz\u0105, emerytom, rencistom, rolnikom ubezpieczonym w KRUS itp.<\/li>\n<li style=\"text-align: justify;\">osobom obj\u0119tym dobrowolnym ubezpieczeniem zdrowotnym,<\/li>\n<li style=\"text-align: justify;\">cz\u0142onkom rodzin wy\u017cej wymienionych grup, kt\u00f3rzy nie posiadaj\u0105 innego tytu\u0142u do ubezpieczenia,<\/li>\n<li style=\"text-align: justify;\">osobom innym, ni\u017c ubezpieczonym, posiadaj\u0105cym obywatelstwo polskie i posiadaj\u0105cym miejsce zamieszkania na terytorium RP, korzystaj\u0105cym z opieki pomocy spo\u0142ecznej,<\/li>\n<li style=\"text-align: justify;\">osobom uprawnionym do \u015bwiadcze\u0144 na podstawie przepis\u00f3w o koordynacji tj. zamieszkuj\u0105cym lub przebywaj\u0105cym na terenie Polski, a podlegaj\u0105cym ubezpieczeniu zdrowotnemu w innym pa\u0144stwie cz\u0142onkowskim UE,<\/li>\n<li style=\"text-align: justify;\">osobom pobieraj\u0105cym stypendium w okresie sta\u017cu lub przygotowania zawodowego,<\/li>\n<li style=\"text-align: justify;\">osobom innym, ni\u017c ubezpieczonym, posiadaj\u0105cym obywatelstwo polskie i posiadaj\u0105cym miejsce zamieszkania na terytorium RP, kt\u00f3re nie uko\u0144czy\u0142y 18 roku \u017cycia lub s\u0105 w okresie ci\u0105\u017cy, porodu i po\u0142ogu.<\/li>\n<\/ul>\n<p><strong>Cz\u0142onek rodziny to:<\/strong><\/p>\n<ul>\n<li style=\"text-align: justify;\">dziecko: w\u0142asne, ma\u0142\u017conka, przysposobione, obce, dla kt\u00f3rego ustanowiono opiek\u0119, obce w ramach rodziny zast\u0119pczej, wnuk, do uko\u0144czenia przez nie 18 lat, a je\u015bli uczy si\u0119 dalej &#8211; do uko\u0144czenia 26 lat, je\u015bli posiada orzeczenie o znacznym stopniu niepe\u0142nosprawno\u015bci lub inne traktowane na r\u00f3wni &#8211; bez ograniczenia wieku,<\/li>\n<li style=\"text-align: justify;\">ma\u0142\u017conek,<\/li>\n<li style=\"text-align: justify;\">krewny wst\u0119pny (np. ojciec, matka, dziadek, babcia) pozostaj\u0105cy z ubezpieczonym we wsp\u00f3lnym gospodarstwie domowym, czyli posiadaj\u0105cy zameldowanie na pobyt sta\u0142y pod tym samym adresem.<\/li>\n<\/ul>\n<p style=\"text-align: justify;\">Cz\u0142onk\u00f3w rodziny, kt\u00f3rzy nie podlegaj\u0105 ubezpieczeniu zdrowotnemu z innego tytu\u0142u tak jak osoby obj\u0119te obowi\u0105zkowym ubezpieczeniem zdrowotnym zg\u0142asza do ubezpieczenia podmiot zwany p\u0142atnikiem sk\u0142adek.<\/p>\n<p><strong>DOKUMENTY POTWIERDZAJ\u0104CE PRAWO DO \u015aWIADCZE\u0143 OPIEKI ZDROWOTNEJ<\/strong><\/p>\n<p style=\"text-align: justify;\">eWU\u015a to elektroniczny system weryfikacji uprawnie\u0144 pacjent\u00f3w do \u015bwiadcze\u0144 zdrowotnych finansowanych przez NFZ, powi\u0105zany z Centralnym Wykazem Ubezpieczonych (CWU).<\/p>\n<p style=\"text-align: justify;\">Od 1 stycznia 2013 r. ka\u017cdy b\u0119dzie m\u00f3g\u0142 potwierdzi\u0107 swoje prawo do \u015bwiadcze\u0144 \u2013 w szpitalu, przychodni, czy w gabinecie lekarza, bez konieczno\u015bci przedstawiania dodatkowych dokument\u00f3w. Wystarczy numer PESEL oraz dokument potwierdzaj\u0105cy to\u017csamo\u015b\u0107.<\/p>\n<p>&nbsp;<\/p>\n","protected":false},"excerpt":{"rendered":"<p>Prawo do \u015bwiadcze\u0144 opieki zdrowotnej w ramach ubezpieczenia zdrowotnego przys\u0142uguje m.in.: osobom obj\u0119tym powszechnym obowi\u0105zkowym ubezpieczeniem zdrowotnym, czyli zatrudnionym, prowadz\u0105cym dzia\u0142alno\u015b\u0107 gospodarcz\u0105, emerytom, rencistom, rolnikom ubezpieczonym w KRUS itp. osobom obj\u0119tym dobrowolnym ubezpieczeniem zdrowotnym, cz\u0142onkom rodzin wy\u017cej wymienionych grup, kt\u00f3rzy nie posiadaj\u0105 innego tytu\u0142u do ubezpieczenia, osobom innym, ni\u017c ubezpieczonym, posiadaj\u0105cym obywatelstwo polskie i posiadaj\u0105cym [&hellip;]<\/p>\n","protected":false},"author":1,"featured_media":0,"parent":352,"menu_order":1,"comment_status":"closed","ping_status":"closed","template":"","meta":{"footnotes":""},"class_list":["post-358","page","type-page","status-publish","hentry"],"_links":{"self":[{"href":"https:\/\/szpitalpulawy.pl\/index.php?rest_route=\/wp\/v2\/pages\/358","targetHints":{"allow":["GET"]}}],"collection":[{"href":"https:\/\/szpitalpulawy.pl\/index.php?rest_route=\/wp\/v2\/pages"}],"about":[{"href":"https:\/\/szpitalpulawy.pl\/index.php?rest_route=\/wp\/v2\/types\/page"}],"author":[{"embeddable":true,"href":"https:\/\/szpitalpulawy.pl\/index.php?rest_route=\/wp\/v2\/users\/1"}],"replies":[{"embeddable":true,"href":"https:\/\/szpitalpulawy.pl\/index.php?rest_route=%2Fwp%2Fv2%2Fcomments&post=358"}],"version-history":[{"count":0,"href":"https:\/\/szpitalpulawy.pl\/index.php?rest_route=\/wp\/v2\/pages\/358\/revisions"}],"up":[{"embeddable":true,"href":"https:\/\/szpitalpulawy.pl\/index.php?rest_route=\/wp\/v2\/pages\/352"}],"wp:attachment":[{"href":"https:\/\/szpitalpulawy.pl\/index.php?rest_route=%2Fwp%2Fv2%2Fmedia&parent=358"}],"curies":[{"name":"wp","href":"https:\/\/api.w.org\/{rel}","templated":true}]}}