{"id":360,"date":"2017-10-16T07:53:20","date_gmt":"2017-10-16T07:53:20","guid":{"rendered":"http:\/\/szpitalpulawy.pl\/wordpress\/?page_id=360"},"modified":"2022-01-25T10:03:28","modified_gmt":"2022-01-25T10:03:28","slug":"zasady-udzielania-swiadczen-w-poz","status":"publish","type":"page","link":"https:\/\/szpitalpulawy.pl\/?page_id=360","title":{"rendered":"Zasady udzielania \u015bwiadcze\u0144 w POZ"},"content":{"rendered":"<p style=\"text-align: justify;\"><strong>Ka\u017cdy ubezpieczony ma prawo wyboru lekarza, piel\u0119gniarki i po\u0142o\u017cnej podstawowej opieki zdrowotnej (POZ) spo\u015br\u00f3d tych, kt\u00f3rzy maj\u0105 podpisan\u0105 umow\u0119 z Narodowym Funduszem Zdrowia. Wyboru dokonuje si\u0119 poprzez z\u0142o\u017cenie deklaracji wyboru (druki deklaracji dost\u0119pne w Przychodnia POZ).<\/strong><\/p>\n<ul>\n<li style=\"list-style-type: none;\">\n<ul>\n<li style=\"text-align: justify;\">\u015awiadczenia w podstawowej opieki zdrowotnej (POZ) s\u0105 realizowane od poniedzia\u0142ku do pi\u0105tku w godzinach 8.00 &#8211; 18.00, z wy\u0142\u0105czeniem sob\u00f3t, niedziel i innych dni ustawowo wolnych od pracy. \u015awiadczenia udzielane s\u0105 w poradniach POZ oraz w przypadkach uzasadnionych wskazaniami medycznymi poprzez \u015bwiadczenie wizyt domowych.<\/li>\n<\/ul>\n<\/li>\n<\/ul>\n<ul>\n<li style=\"text-align: justify;\">Mo\u017cna zmieni\u0107 lekarza, piel\u0119gniark\u0119 i po\u0142o\u017cn\u0105 podstawowej opieki zdrowotnej nie cz\u0119\u015bciej ni\u017c dwa razy w roku kalendarzowym. W przypadku ka\u017cdej kolejnej zmiany pacjent musi wnie\u015b\u0107 op\u0142at\u0119 w wysoko\u015bci 80 z\u0142, chyba, \u017ce by\u0142o to w nast\u0119pstwie zmiany miejsca zamieszkania, zaprzestania udzielania \u015bwiadcze\u0144 przez wybranego \u015bwiadczeniodawc\u0119 oraz innych przyczyn niezale\u017cnych od pacjenta. W celu dokonania zmiany nale\u017cy wype\u0142ni\u0107 u nowo wybranego lekarza\/piel\u0119gniarki\/po\u0142o\u017cnej POZ druk deklaracji.<\/li>\n<\/ul>\n<p style=\"text-align: justify;\"><span style=\"color: #ff6600;\"><strong>Wa\u017cne:<\/strong><\/span><\/p>\n<p style=\"text-align: justify;\"><strong><em>Dokonuj\u0105cy wyboru nie ma obowi\u0105zku z\u0142o\u017cenia deklaracji na wszystkie trzy zakresy \u015bwiadcze\u0144 u tego samego \u015bwiadczeniodawcy.<\/em><\/strong> Pacjent mo\u017ce dokona\u0107 wyboru w zakresie, kt\u00f3ry go interesuje. Wyb\u00f3r dotyczy imiennie os\u00f3b udzielaj\u0105cych \u015bwiadcze\u0144 &#8211; lekarza, piel\u0119gniarki, po\u0142o\u017cnej &#8211; u \u015bwiadczeniodawcy, kt\u00f3ry zawar\u0142 umow\u0119 z Narodowym Funduszem Zdrowia na udzielanie \u015bwiadcze\u0144 opieki zdrowotnej w rodzaju: podstawowa opieka zdrowotna.<\/p>\n<p style=\"text-align: justify;\"><strong>\u015awiadczenia lekarza POZ<\/strong><\/p>\n<ul style=\"text-align: justify;\">\n<li>pacjent mo\u017ce rejestrowa\u0107 si\u0119 do lekarza POZ osobi\u015bcie, telefonicznie lub za po\u015brednictwem os\u00f3b trzecich,<\/li>\n<li>w przypadkach uzasadnionych medycznie porada udzielana jest w dniu zg\u0142oszenia,<\/li>\n<li>w schorzeniach przewlek\u0142ych, z wy\u0142\u0105czeniem stan\u00f3w zaostrzenia w przebiegu tych schorze\u0144, \u015bwiadczenia udzielane s\u0105 w terminie uzgodnionym z pacjentem,<\/li>\n<li>na realizacj\u0119 zlece\u0144 pozostaj\u0105cych w kompetencjach piel\u0119gniarki POZ, lekarz POZ wydaje skierowanie do piel\u0119gniarki POZ, do kt\u00f3rej zadeklarowany jest pacjent,<\/li>\n<li>lekarz POZ, kieruj\u0105c pacjenta do lekarza specjalisty lub do szpitala, zobowi\u0105zany jest do wykonania i do\u0142\u0105czenia do skierowania wynik\u00f3w niezb\u0119dnych bada\u0144 diagnostycznych zgodnie z rozpoznanym schorzeniem, aktualn\u0105 wiedz\u0105 i praktyk\u0105 medyczn\u0105, w celu potwierdzenia wst\u0119pnego rozpoznania,<\/li>\n<li>lekarz POZ mo\u017ce wystawi\u0107 zadeklarowanym pacjentom skierowanie na zabiegi fizjoterapeutyczne w warunkach ambulatoryjnych i domowych, z wyj\u0105tkiem skierowa\u0144 na zabiegi fizjoterapeutyczne zwi\u0105zane z leczeniem wad postawy oraz dysfunkcji narz\u0105du ruchu, kt\u00f3rych przyczyn\u0105 s\u0105 te wady,<\/li>\n<li>lekarz POZ mo\u017ce wystawi\u0107 pacjentowi skierowanie do poradni rehabilitacyjnej lub ortopedycznej,<\/li>\n<li>lekarz POZ mo\u017ce wystawi\u0107 pacjentowi skierowanie na rehabilitacj\u0119 og\u00f3lnoustrojow\u0105 realizowan\u0105 w o\u015brodku\/oddziale dziennym rehabilitacji,<\/li>\n<li>lekarz POZ kieruje na leczenie uzdrowiskowe. Skierowanie przesy\u0142ane jest do oddzia\u0142u NFZ. Okres wa\u017cno\u015bci potwierdzonego skierowania na leczenie uzdrowiskowe wynosi 18 miesi\u0119cy od daty wystawienia,<\/li>\n<li>lekarz POZ konsultuje merytorycznie i ustala zasadno\u015b\u0107 realizacji wniosk\u00f3w zadeklarowanych do niego pacjent\u00f3w o zlecenie \u015bwiadczenia transportu &#8222;dalekiego&#8221; w POZ,<\/li>\n<li>ubezpieczony ma prawo do bezp\u0142atnych \u015bwiadcze\u0144 z zakresu podstawowej opieki zdrowotnej poza miejscem zamieszkania w przypadkach nag\u0142ego zachorowania lub nag\u0142ego pogorszenia stanu zdrowia.<\/li>\n<\/ul>\n","protected":false},"excerpt":{"rendered":"<p>Ka\u017cdy ubezpieczony ma prawo wyboru lekarza, piel\u0119gniarki i po\u0142o\u017cnej podstawowej opieki zdrowotnej (POZ) spo\u015br\u00f3d tych, kt\u00f3rzy maj\u0105 podpisan\u0105 umow\u0119 z Narodowym Funduszem Zdrowia. Wyboru dokonuje si\u0119 poprzez z\u0142o\u017cenie deklaracji wyboru (druki deklaracji dost\u0119pne w Przychodnia POZ). \u015awiadczenia w podstawowej opieki zdrowotnej (POZ) s\u0105 realizowane od poniedzia\u0142ku do pi\u0105tku w godzinach 8.00 &#8211; 18.00, z wy\u0142\u0105czeniem [&hellip;]<\/p>\n","protected":false},"author":1,"featured_media":0,"parent":352,"menu_order":7,"comment_status":"closed","ping_status":"closed","template":"","meta":{"footnotes":""},"class_list":["post-360","page","type-page","status-publish","hentry"],"_links":{"self":[{"href":"https:\/\/szpitalpulawy.pl\/index.php?rest_route=\/wp\/v2\/pages\/360","targetHints":{"allow":["GET"]}}],"collection":[{"href":"https:\/\/szpitalpulawy.pl\/index.php?rest_route=\/wp\/v2\/pages"}],"about":[{"href":"https:\/\/szpitalpulawy.pl\/index.php?rest_route=\/wp\/v2\/types\/page"}],"author":[{"embeddable":true,"href":"https:\/\/szpitalpulawy.pl\/index.php?rest_route=\/wp\/v2\/users\/1"}],"replies":[{"embeddable":true,"href":"https:\/\/szpitalpulawy.pl\/index.php?rest_route=%2Fwp%2Fv2%2Fcomments&post=360"}],"version-history":[{"count":1,"href":"https:\/\/szpitalpulawy.pl\/index.php?rest_route=\/wp\/v2\/pages\/360\/revisions"}],"predecessor-version":[{"id":2538,"href":"https:\/\/szpitalpulawy.pl\/index.php?rest_route=\/wp\/v2\/pages\/360\/revisions\/2538"}],"up":[{"embeddable":true,"href":"https:\/\/szpitalpulawy.pl\/index.php?rest_route=\/wp\/v2\/pages\/352"}],"wp:attachment":[{"href":"https:\/\/szpitalpulawy.pl\/index.php?rest_route=%2Fwp%2Fv2%2Fmedia&parent=360"}],"curies":[{"name":"wp","href":"https:\/\/api.w.org\/{rel}","templated":true}]}}