{"id":366,"date":"2017-10-16T08:00:04","date_gmt":"2017-10-16T08:00:04","guid":{"rendered":"http:\/\/szpitalpulawy.pl\/wordpress\/?page_id=366"},"modified":"2018-09-20T18:30:58","modified_gmt":"2018-09-20T18:30:58","slug":"praktyczne-informacje","status":"publish","type":"page","link":"https:\/\/szpitalpulawy.pl\/?page_id=366","title":{"rendered":"Praktyczne informacje"},"content":{"rendered":"<p style=\"text-align: justify;\"><strong>Parking<\/strong><\/p>\n<p style=\"text-align: justify;\">Na teren szpitala mo\u017cna wjecha\u0107 przez bram\u0119 g\u0142\u00f3wn\u0105 od strony Stadionu. Wjazd na teren szpitala dla os\u00f3b nieb\u0119d\u0105cych pracownikami zak\u0142adu lub nieposiadaj\u0105cych zezwolenia\u00a0 mo\u017cliwy po uiszczeniu op\u0142aty przy wje\u017adzie .<\/p>\n<p style=\"text-align: justify;\">Zwolnieni z op\u0142at za parkowanie s\u0105:<\/p>\n<ol style=\"text-align: justify;\">\n<li>inwalidzi posiadaj\u0105cy wa\u017cne za\u015bwiadczenie o inwalidztwie w sprawie wzor\u00f3w kart parkingowych dla os\u00f3b niepe\u0142nosprawnych i plac\u00f3wek,<\/li>\n<li>karetki pogotowia i transport sanitarny,<\/li>\n<li>pojazdy Stra\u017cy Po\u017carnej, Policji, \u017bandarmerii Wojskowej, Stra\u017cy Wi\u0119ziennej, Stra\u017cy Miejskiej, Stra\u017cy Granicznej i innych s\u0142u\u017cb wje\u017cd\u017caj\u0105cych na teren parkingu w zwi\u0105zku z wykonywaniem czynno\u015bci s\u0142u\u017cbowych,<\/li>\n<li>pojazdy zaopatrzenia szpitala, pojazdy podmiot\u00f3w \u015bwiadcz\u0105cych us\u0142ugi na rzecz szpitala i pojazdy Zarz\u0105du szpitala,<\/li>\n<li>karawany pogrzebowe,<\/li>\n<li>pojazdy (taxi) przywo\u017c\u0105ce i odwo\u017c\u0105ce pacjent\u00f3w do i z zak\u0142adu<\/li>\n<\/ol>\n<hr \/>\n<p style=\"text-align: justify;\"><strong>Automaty do napoj\u00f3w<\/strong><\/p>\n<p style=\"text-align: justify;\">Na terenie szpitala ustawionych jest kilka automat\u00f3w, w kt\u00f3rych zaopatrzy\u0107 si\u0119 mo\u017cna w zimne i gor\u0105ce napoje. Znajduj\u0105 si\u0119 one przy wej\u015bciu G\u0142\u00f3wnym \u2013 Pawilon A oraz przy wej\u015bciu do Pawilonu B.<\/p>\n<hr \/>\n<p style=\"text-align: justify;\"><strong>Kiosk ruchu<\/strong><\/p>\n<p style=\"text-align: justify;\">Na poziomie wysokiego parter w Pawilonie A znajduje si\u0119 punkt sprzeda\u017cy gazet. Mo\u017cna si\u0119 tam zaopatrzy\u0107 w pras\u0119, podstawowe \u015brodki higieny osobistej, napoje, s\u0142odycze.<\/p>\n<p style=\"text-align: justify;\"><strong>Godziny pracy\u00a0kiosku:<\/strong><\/p>\n<p style=\"text-align: justify;\">poniedzia\u0142ek \u2013 pi\u0105tek:\u00a0 w godz. 7.00-16.30<br \/>\nsobota: w godz. 7:00-14:00<br \/>\nniedziela: w godz. 10.00 \u2013 15.00<\/p>\n<hr \/>\n<p style=\"text-align: justify;\"><strong>Bufet &#8211; Kantyna<\/strong><\/p>\n<p style=\"text-align: justify;\">Na poziomie -1 znajduje si\u0119 KANTYNA ,\u00a0 kt\u00f3ra oferuje gor\u0105ce posi\u0142ki, napoje, kaw\u0119, herbat\u0119.<\/p>\n<p style=\"text-align: justify;\">Godziny pracy\u00a0KANTYNY:<\/p>\n<p style=\"text-align: justify;\">Od poniedzia\u0142ku do pi\u0105tku\u00a0 &#8211; 9:00 &#8211; 15:00, sobota &#8211; niedziela &#8211; nieczynne<\/p>\n<p>&nbsp;<\/p>\n","protected":false},"excerpt":{"rendered":"<p>Parking Na teren szpitala mo\u017cna wjecha\u0107 przez bram\u0119 g\u0142\u00f3wn\u0105 od strony Stadionu. Wjazd na teren szpitala dla os\u00f3b nieb\u0119d\u0105cych pracownikami zak\u0142adu lub nieposiadaj\u0105cych zezwolenia\u00a0 mo\u017cliwy po uiszczeniu op\u0142aty przy wje\u017adzie . Zwolnieni z op\u0142at za parkowanie s\u0105: inwalidzi posiadaj\u0105cy wa\u017cne za\u015bwiadczenie o inwalidztwie w sprawie wzor\u00f3w kart parkingowych dla os\u00f3b niepe\u0142nosprawnych i plac\u00f3wek, karetki pogotowia [&hellip;]<\/p>\n","protected":false},"author":1,"featured_media":0,"parent":352,"menu_order":6,"comment_status":"closed","ping_status":"closed","template":"","meta":{"footnotes":""},"class_list":["post-366","page","type-page","status-publish","hentry"],"_links":{"self":[{"href":"https:\/\/szpitalpulawy.pl\/index.php?rest_route=\/wp\/v2\/pages\/366","targetHints":{"allow":["GET"]}}],"collection":[{"href":"https:\/\/szpitalpulawy.pl\/index.php?rest_route=\/wp\/v2\/pages"}],"about":[{"href":"https:\/\/szpitalpulawy.pl\/index.php?rest_route=\/wp\/v2\/types\/page"}],"author":[{"embeddable":true,"href":"https:\/\/szpitalpulawy.pl\/index.php?rest_route=\/wp\/v2\/users\/1"}],"replies":[{"embeddable":true,"href":"https:\/\/szpitalpulawy.pl\/index.php?rest_route=%2Fwp%2Fv2%2Fcomments&post=366"}],"version-history":[{"count":0,"href":"https:\/\/szpitalpulawy.pl\/index.php?rest_route=\/wp\/v2\/pages\/366\/revisions"}],"up":[{"embeddable":true,"href":"https:\/\/szpitalpulawy.pl\/index.php?rest_route=\/wp\/v2\/pages\/352"}],"wp:attachment":[{"href":"https:\/\/szpitalpulawy.pl\/index.php?rest_route=%2Fwp%2Fv2%2Fmedia&parent=366"}],"curies":[{"name":"wp","href":"https:\/\/api.w.org\/{rel}","templated":true}]}}