{"id":409,"date":"2017-10-27T06:31:56","date_gmt":"2017-10-27T06:31:56","guid":{"rendered":"http:\/\/szpitalpulawy.pl\/wordpress\/?page_id=409"},"modified":"2018-09-20T18:26:56","modified_gmt":"2018-09-20T18:26:56","slug":"koordynowana-opieka-nad-kobieta-w-ciazy","status":"publish","type":"page","link":"https:\/\/szpitalpulawy.pl\/?page_id=409","title":{"rendered":"Koordynowana opieka nad kobiet\u0105 w ci\u0105\u017cy"},"content":{"rendered":"<p><span style=\"color: #000000;\"><strong>SAMODZIELNY PUBLICZNY ZAK\u0141AD OPIEKI ZDROWOTNEJ W PU\u0141AWACH<\/strong> jako jeden z pi\u0119ciu szpitali w wojew\u00f3dztwie lubelskim podpisa\u0142 umow\u0119 z NFZ na realizacj\u0119 \u015bwiadcze\u0144 zdrowotnych w ramach Koordynowanej opieki nad kobiet\u0105 w ci\u0105\u017cy (KOC).<\/span><\/p>\n<p><span style=\"color: #000000;\"><strong>Co to jest KOC ?<\/strong><\/span><\/p>\n<p style=\"text-align: justify;\"><span style=\"color: #000000;\">KOC to nowy program Narodowego Funduszu Zdrowia, jego celem jest zapewnienie ci\u0119\u017carnym kompleksowej opieki od pocz\u0105tku ci\u0105\u017cy a\u017c wypisu ze szpitala.<\/span><\/p>\n<p style=\"text-align: justify;\"><span style=\"color: #000000;\">Koordynowana opieka nad kobiet\u0105 w ci\u0105\u017cy realizowana jest w Oddziale Po\u0142o\u017cniczo-Ginekologicznym pu\u0142awskiego Szpitala\u00a0 obejmuje: poradnictwo ambulatoryjne, por\u00f3d i opiek\u0119 nad noworodkiem \u2013 a w przypadku wskaza\u0144 medycznych \u2013 tak\u017ce niezb\u0119dne hospitalizacje. Przedporodowa i\u00a0poporodowa opieka po\u0142o\u017cnej finansowana jest odr\u0119bnie (pacjentka wybiera po\u0142o\u017cn\u0105 \u2013 zgodne ze z\u0142o\u017con\u0105 deklaracj\u0105).<\/span><\/p>\n<p style=\"text-align: justify;\"><span style=\"color: #000000;\">W ramach KOC ka\u017cda zg\u0142aszaj\u0105ca si\u0119 do Oddzia\u0142u Po\u0142o\u017cniczo \u2013 Ginekologicznego SPZOZ w Pu\u0142awach kobieta w\u00a0ci\u0105\u017cy b\u0119dzie mog\u0142a skorzysta\u0107 z\u00a0pe\u0142noprofilowej opieki. Nad bezpiecze\u0144stwem mamy i\u00a0dziecka b\u0119dzie czuwa\u0107 zesp\u00f3\u0142 lekarzy ginekolog\u00f3w i\u00a0po\u0142o\u017cnych.<\/span><\/p>\n<p style=\"text-align: justify;\"><span style=\"color: #000000;\"><strong>Do programu KOC przysz\u0142a mama mo\u017ce przyst\u0105pi\u0107 na ka\u017cdym etapie ci\u0105\u017cy<\/strong>, r\u00f3wnie\u017c przed samym porodem, bez konieczno\u015bci prowadzenia ci\u0105\u017cy, mo\u017ce r\u00f3wnie\u017c zrezygnowa\u0107 na ka\u017cdym etapie ci\u0105\u017cy (po poinformowaniu lekarza w poradni lub oddziale o rezygnacji)<\/span><\/p>\n<p style=\"text-align: justify;\"><span style=\"color: #000000;\">Po zako\u0144czeniu opieki przysz\u0142e mamy b\u0119d\u0105 ocenia\u0107 jej jako\u015b\u0107 w\u00a0wype\u0142nianych ankietach.<\/span><\/p>\n<p><span style=\"color: #000000;\"><strong>Przysz\u0142a Mamo<\/strong><\/span><\/p>\n<p style=\"text-align: justify;\"><span style=\"color: #000000;\">Je\u015bli jeste\u015b zainteresowana przyst\u0105pieniem do programu KOC, zapraszamy do poradni ginekologiczno-po\u0142o\u017cniczych zlokalizowanych w Pu\u0142awach przy ul. Partyzant\u00f3w 17 w Przychodni POZ Nr 1 (tel. 81 45 02\u00a0313) oraz przy ul. Ko\u0142\u0142\u0105taja 51 w Przychodni POZ Nr 4 (81 45 02\u00a0390) po wcze\u015bniejszym um\u00f3wieniu si\u0119 na wizyt\u0119.<\/span><\/p>\n<p style=\"text-align: justify;\"><span style=\"color: #000000;\">Na miejscu otrzymasz Kart\u0119 Informacyjn\u0105 KOC oraz instrukcje na temat dalszej realizacji procesu. Na tym etapie dokonasz wyboru lekarza prowadz\u0105cego ci\u0105\u017c\u0119.<\/span><\/p>\n<p style=\"text-align: justify;\"><span style=\"color: #000000;\">Por\u00f3d odbywa si\u0119 w\u00a0Oddziale Po\u0142o\u017cniczo-Ginekologicznym Szpitala, przy ul. Bema 1<\/span><\/p>\n<p style=\"text-align: justify;\"><span style=\"color: #000000;\">W trakcie trwania ca\u0142ej opieki w\u00a0ramach KOC mo\u017cna korzysta\u0107 z\u00a0ca\u0142odobowych konsultacji medycznych pod numerem telefonu <strong>81 45 02\u00a0386<\/strong><\/span><\/p>\n<p style=\"text-align: justify;\"><span style=\"color: #000000;\"><strong>Szczeg\u00f3\u0142owych informacji dotycz\u0105cych prowadzenia ci\u0105\u017cy i\u00a0porodu w\u00a0ramach KOC udzielamy w poradniach ginekologiczno-po\u0142o\u017cniczych SPZOZ Pu\u0142awy.<\/strong><\/span><\/p>\n","protected":false},"excerpt":{"rendered":"<p>SAMODZIELNY PUBLICZNY ZAK\u0141AD OPIEKI ZDROWOTNEJ W PU\u0141AWACH jako jeden z pi\u0119ciu szpitali w wojew\u00f3dztwie lubelskim podpisa\u0142 umow\u0119 z NFZ na realizacj\u0119 \u015bwiadcze\u0144 zdrowotnych w ramach Koordynowanej opieki nad kobiet\u0105 w ci\u0105\u017cy (KOC). Co to jest KOC ? KOC to nowy program Narodowego Funduszu Zdrowia, jego celem jest zapewnienie ci\u0119\u017carnym kompleksowej opieki od pocz\u0105tku ci\u0105\u017cy a\u017c [&hellip;]<\/p>\n","protected":false},"author":1,"featured_media":0,"parent":352,"menu_order":2,"comment_status":"closed","ping_status":"closed","template":"","meta":{"footnotes":""},"class_list":["post-409","page","type-page","status-publish","hentry"],"_links":{"self":[{"href":"https:\/\/szpitalpulawy.pl\/index.php?rest_route=\/wp\/v2\/pages\/409","targetHints":{"allow":["GET"]}}],"collection":[{"href":"https:\/\/szpitalpulawy.pl\/index.php?rest_route=\/wp\/v2\/pages"}],"about":[{"href":"https:\/\/szpitalpulawy.pl\/index.php?rest_route=\/wp\/v2\/types\/page"}],"author":[{"embeddable":true,"href":"https:\/\/szpitalpulawy.pl\/index.php?rest_route=\/wp\/v2\/users\/1"}],"replies":[{"embeddable":true,"href":"https:\/\/szpitalpulawy.pl\/index.php?rest_route=%2Fwp%2Fv2%2Fcomments&post=409"}],"version-history":[{"count":0,"href":"https:\/\/szpitalpulawy.pl\/index.php?rest_route=\/wp\/v2\/pages\/409\/revisions"}],"up":[{"embeddable":true,"href":"https:\/\/szpitalpulawy.pl\/index.php?rest_route=\/wp\/v2\/pages\/352"}],"wp:attachment":[{"href":"https:\/\/szpitalpulawy.pl\/index.php?rest_route=%2Fwp%2Fv2%2Fmedia&parent=409"}],"curies":[{"name":"wp","href":"https:\/\/api.w.org\/{rel}","templated":true}]}}