{"id":657,"date":"2018-01-19T13:04:03","date_gmt":"2018-01-19T13:04:03","guid":{"rendered":"http:\/\/szpitalpulawy.pl\/?page_id=657"},"modified":"2019-05-14T10:30:16","modified_gmt":"2019-05-14T10:30:16","slug":"sygnalizowanie-naduzyc","status":"publish","type":"page","link":"https:\/\/szpitalpulawy.pl\/?page_id=657","title":{"rendered":"Sygnalizowanie nadu\u017cy\u0107"},"content":{"rendered":"<p><strong><img loading=\"lazy\" decoding=\"async\" class=\"alignnone size-medium wp-image-681\" src=\"https:\/\/szpitalpulawy.pl\/wp-content\/uploads\/2018\/01\/UELogo-1-300x42.jpg\" alt=\"\" width=\"300\" height=\"42\" srcset=\"https:\/\/szpitalpulawy.pl\/wp-content\/uploads\/2018\/01\/UELogo-1-300x42.jpg 300w, https:\/\/szpitalpulawy.pl\/wp-content\/uploads\/2018\/01\/UELogo-1.jpg 583w\" sizes=\"auto, (max-width: 300px) 100vw, 300px\" \/><\/strong><\/p>\n<p><strong>S<\/strong><strong>ygnalizowanie potencjalnych nieprawid\u0142owo\u015bci lub nadu\u017cy\u0107 finansowych <\/strong><\/p>\n<p>&nbsp;<\/p>\n<p>Samodzielny Publiczny Zak\u0142ad Opieki Zdrowotnej w Pu\u0142awach informuje, i\u017c zgodnie z zapisami Umowy o dofinansowanie projektu w ramach osi priorytetowa IX Wzmocnienie strategicznej infrastruktury ochrony zdrowia Programu Operacyjnego Infrastruktura i \u015arodowisko 2014 \u2013 2020, w \u00a7 4 ust. 17: \u201e<em>Beneficjent zobowi\u0105zuje si\u0119 upubliczni\u0107, co najmniej na swojej stronie internetowej, informacje o funkcjonowaniu mechanizmu umo\u017cliwiaj\u0105cego sygnalizowanie o potencjalnych nieprawid\u0142owo\u015bciach lub nadu\u017cyciach finansowych, tj. opracowanego i udost\u0119pnionego przez IZ narz\u0119dzia informatycznego umo\u017cliwiaj\u0105cego przekazanie informacji o podejrzeniu wyst\u0105pienia nieprawid\u0142owo\u015bci lub nadu\u017cycia finansowego w szczeg\u00f3lno\u015bci poprzez:<\/em><\/p>\n<p><em> a)\u00a0 specjalny adres e-mail lub<br \/>\nb)\u00a0 elektroniczny system zg\u0142osze\u0144 za po\u015brednictwem dedykowanej strony internetowej<\/em>.&#8221;<\/p>\n<p>sygnalizacj\u0119 potencjalnych nieprawid\u0142owo\u015bci lub nadu\u017cy\u0107 finansowych mo\u017cna zg\u0142asza\u0107 za po\u015brednictwem specjalnego, udost\u0119pnionego przez Ministerstwo Rozwoju adresu e-mail: <strong>naduzycia.POIS@mr.gov.pl<\/strong> lub za po\u015brednictwem <a href=\"https:\/\/nieprawidlowosci.mrr.gov.pl\/bazy\/konsultacje-spoleczne\/eaplikacja-konsultacje.nsf\/document.xsp?unid=9B0502CE55377495C1257C0D0026120B&amp;titleMenu=Dokument&amp;uniddoc=78D0863AE117E52DC1257DF5004669FC\">formularza dost\u0119pnego na stronie internetowej Ministerstwa Rozwoju<\/a> .<\/p>\n<p>&nbsp;<\/p>\n<p>&nbsp;<\/p>\n","protected":false},"excerpt":{"rendered":"<p>Sygnalizowanie potencjalnych nieprawid\u0142owo\u015bci lub nadu\u017cy\u0107 finansowych &nbsp; Samodzielny Publiczny Zak\u0142ad Opieki Zdrowotnej w Pu\u0142awach informuje, i\u017c zgodnie z zapisami Umowy o dofinansowanie projektu w ramach osi priorytetowa IX Wzmocnienie strategicznej infrastruktury ochrony zdrowia Programu Operacyjnego Infrastruktura i \u015arodowisko 2014 \u2013 2020, w \u00a7 4 ust. 17: \u201eBeneficjent zobowi\u0105zuje si\u0119 upubliczni\u0107, co najmniej na swojej stronie [&hellip;]<\/p>\n","protected":false},"author":2,"featured_media":0,"parent":0,"menu_order":0,"comment_status":"closed","ping_status":"closed","template":"","meta":{"footnotes":""},"class_list":["post-657","page","type-page","status-publish","hentry"],"_links":{"self":[{"href":"https:\/\/szpitalpulawy.pl\/index.php?rest_route=\/wp\/v2\/pages\/657","targetHints":{"allow":["GET"]}}],"collection":[{"href":"https:\/\/szpitalpulawy.pl\/index.php?rest_route=\/wp\/v2\/pages"}],"about":[{"href":"https:\/\/szpitalpulawy.pl\/index.php?rest_route=\/wp\/v2\/types\/page"}],"author":[{"embeddable":true,"href":"https:\/\/szpitalpulawy.pl\/index.php?rest_route=\/wp\/v2\/users\/2"}],"replies":[{"embeddable":true,"href":"https:\/\/szpitalpulawy.pl\/index.php?rest_route=%2Fwp%2Fv2%2Fcomments&post=657"}],"version-history":[{"count":0,"href":"https:\/\/szpitalpulawy.pl\/index.php?rest_route=\/wp\/v2\/pages\/657\/revisions"}],"wp:attachment":[{"href":"https:\/\/szpitalpulawy.pl\/index.php?rest_route=%2Fwp%2Fv2%2Fmedia&parent=657"}],"curies":[{"name":"wp","href":"https:\/\/api.w.org\/{rel}","templated":true}]}}