{"id":663,"date":"2018-01-19T13:10:06","date_gmt":"2018-01-19T13:10:06","guid":{"rendered":"http:\/\/szpitalpulawy.pl\/?page_id=663"},"modified":"2023-01-11T12:18:19","modified_gmt":"2023-01-11T12:18:19","slug":"projekty-zrealizowane","status":"publish","type":"page","link":"https:\/\/szpitalpulawy.pl\/?page_id=663","title":{"rendered":"Projekty zrealizowane"},"content":{"rendered":"\n<p><a href=\"https:\/\/szpitalpulawy.pl\/?p=1270\"><strong>&#8222;WSPARCIE SZPITALI WE WDRA\u017bANIU STANDARD\u00d3W JAKO\u015aCI I BEZPIECZE\u0143STWA OPIEKI&#8221; W CZ\u0118\u015aCI &#8222;PROGRAM AKREDYTACJI SZPITALI&#8221;<\/strong><\/a><\/p>\n\n\n\n<p><a href=\"https:\/\/szpitalpulawy.pl\/?p=1113\"><strong>MODERNIZACJA ODDZIA\u0141\u00d3W SZPITALNYCH I ZAKUP SPRZ\u0118TU MEDYCZNEGO PRZEZ SPZOZ W PU\u0141AWACH<\/strong><\/a><\/p>\n\n\n\n<p><strong><a href=\"https:\/\/szpitalpulawy.pl\/?page_id=810\">PROFILAKTYKA I DIAGNOSTYKA JELITA GRUBEGO W PODREGIONIE PU\u0141AWSKIM<\/a><\/strong><\/p>\n\n\n\n<p><strong><a href=\"https:\/\/szpitalpulawy.pl\/?page_id=667\">MODERNIZACJA I DOPOSA\u017bENIE SZPITALNEGO ODDZIA\u0141U RATUNKOWEGO<\/a><\/strong><\/p>\n\n\n\n<p><strong><a href=\"https:\/\/szpitalpulawy.pl\/?page_id=922\">PODNIESIENIE DOST\u0118PNO\u015aCI I JAKO\u015aCI US\u0141UG W SAMODZIELNYM PUBLICZNYM ZAK\u0141ADZIE OPIEKI ZDROWOTNEJ W PU\u0141AWACH POPRZEZ WDRO\u017bENIE US\u0141UG ELEKTRONICZNYCH<\/a><\/strong><\/p>\n\n\n\n<p><a href=\"https:\/\/szpitalpulawy.pl\/?page_id=1346\"><strong>DOFINANSOWANIE ZAKUPU SPRZ\u0118TU MEDYCZNEGO DLA SZPITALNEGO ODDZIA\u0141U RATUNKOWEGO W SAMODZIELNYM PUBLICZNYM ZAK\u0141ADZIE OPIEKI ZDROWOTNEJ W PU\u0141AWACH<\/strong><\/a><\/p>\n\n\n\n<p><a href=\"https:\/\/szpitalpulawy.pl\/?p=1147\"><strong>MODERNIZACJA I DOPOSA\u017bENIE SZPITALNEGO ODDZIA\u0141U RATUNKOWEGO SAMODZIELNEGO PUBLICZNEGO ZAK\u0141ADU OPIEKI ZDROWOTNEJ W PU\u0141AWACH &#8211; ZAKO\u0143CZENIE PROJEKTU<\/strong><\/a><\/p>\n\n\n\n<p><a href=\"https:\/\/szpitalpulawy.pl\/?page_id=1187\"><strong>POPRAWA JAKO\u015aCI I DOST\u0118PNO\u015aCI US\u0141UG PODSTAWOWEJ OPIEKI ZDROWOTNEJ W PRZYCHODNIACH POZ SP ZOZ W PU\u0141AWACH &#8211; ZAKO\u0143CZENIE PROJEKTU<\/strong><\/a><\/p>\n","protected":false},"excerpt":{"rendered":"<p>&#8222;WSPARCIE SZPITALI WE WDRA\u017bANIU STANDARD\u00d3W JAKO\u015aCI I BEZPIECZE\u0143STWA OPIEKI&#8221; W CZ\u0118\u015aCI &#8222;PROGRAM AKREDYTACJI SZPITALI&#8221; MODERNIZACJA ODDZIA\u0141\u00d3W SZPITALNYCH I ZAKUP SPRZ\u0118TU MEDYCZNEGO PRZEZ SPZOZ W PU\u0141AWACH PROFILAKTYKA I DIAGNOSTYKA JELITA GRUBEGO W PODREGIONIE PU\u0141AWSKIM MODERNIZACJA I DOPOSA\u017bENIE SZPITALNEGO ODDZIA\u0141U RATUNKOWEGO PODNIESIENIE DOST\u0118PNO\u015aCI I JAKO\u015aCI US\u0141UG W SAMODZIELNYM PUBLICZNYM ZAK\u0141ADZIE OPIEKI ZDROWOTNEJ W PU\u0141AWACH POPRZEZ WDRO\u017bENIE US\u0141UG [&hellip;]<\/p>\n","protected":false},"author":2,"featured_media":0,"parent":0,"menu_order":0,"comment_status":"closed","ping_status":"closed","template":"","meta":{"footnotes":""},"class_list":["post-663","page","type-page","status-publish","hentry"],"_links":{"self":[{"href":"https:\/\/szpitalpulawy.pl\/index.php?rest_route=\/wp\/v2\/pages\/663","targetHints":{"allow":["GET"]}}],"collection":[{"href":"https:\/\/szpitalpulawy.pl\/index.php?rest_route=\/wp\/v2\/pages"}],"about":[{"href":"https:\/\/szpitalpulawy.pl\/index.php?rest_route=\/wp\/v2\/types\/page"}],"author":[{"embeddable":true,"href":"https:\/\/szpitalpulawy.pl\/index.php?rest_route=\/wp\/v2\/users\/2"}],"replies":[{"embeddable":true,"href":"https:\/\/szpitalpulawy.pl\/index.php?rest_route=%2Fwp%2Fv2%2Fcomments&post=663"}],"version-history":[{"count":1,"href":"https:\/\/szpitalpulawy.pl\/index.php?rest_route=\/wp\/v2\/pages\/663\/revisions"}],"predecessor-version":[{"id":2875,"href":"https:\/\/szpitalpulawy.pl\/index.php?rest_route=\/wp\/v2\/pages\/663\/revisions\/2875"}],"wp:attachment":[{"href":"https:\/\/szpitalpulawy.pl\/index.php?rest_route=%2Fwp%2Fv2%2Fmedia&parent=663"}],"curies":[{"name":"wp","href":"https:\/\/api.w.org\/{rel}","templated":true}]}}