{"id":665,"date":"2018-01-19T13:10:35","date_gmt":"2018-01-19T13:10:35","guid":{"rendered":"http:\/\/szpitalpulawy.pl\/?page_id=665"},"modified":"2023-01-11T12:30:35","modified_gmt":"2023-01-11T12:30:35","slug":"projekty-w-realizacji","status":"publish","type":"page","link":"https:\/\/szpitalpulawy.pl\/?page_id=665","title":{"rendered":"Projekty w realizacji"},"content":{"rendered":"\n<p><strong><a href=\"https:\/\/szpitalpulawy.pl\/wp-content\/uploads\/2023\/01\/react.pdf\">ZAKUP SPRZ\u0118TU MEDYCZNEGO DLA SPZOZ PU\u0141AWY JAKO WZMOCNIENIE ODPORO\u015aCI SYSTEMU OCHRONY ZDROWIA W KONTEK\u015aCIE PANDEMII COVID -19<\/a><\/strong><\/p>\n\n\n","protected":false},"excerpt":{"rendered":"<p>ZAKUP SPRZ\u0118TU MEDYCZNEGO DLA SPZOZ PU\u0141AWY JAKO WZMOCNIENIE ODPORO\u015aCI SYSTEMU OCHRONY ZDROWIA W KONTEK\u015aCIE PANDEMII COVID -19<\/p>\n","protected":false},"author":2,"featured_media":0,"parent":0,"menu_order":0,"comment_status":"closed","ping_status":"closed","template":"","meta":{"footnotes":""},"class_list":["post-665","page","type-page","status-publish","hentry"],"_links":{"self":[{"href":"https:\/\/szpitalpulawy.pl\/index.php?rest_route=\/wp\/v2\/pages\/665","targetHints":{"allow":["GET"]}}],"collection":[{"href":"https:\/\/szpitalpulawy.pl\/index.php?rest_route=\/wp\/v2\/pages"}],"about":[{"href":"https:\/\/szpitalpulawy.pl\/index.php?rest_route=\/wp\/v2\/types\/page"}],"author":[{"embeddable":true,"href":"https:\/\/szpitalpulawy.pl\/index.php?rest_route=\/wp\/v2\/users\/2"}],"replies":[{"embeddable":true,"href":"https:\/\/szpitalpulawy.pl\/index.php?rest_route=%2Fwp%2Fv2%2Fcomments&post=665"}],"version-history":[{"count":5,"href":"https:\/\/szpitalpulawy.pl\/index.php?rest_route=\/wp\/v2\/pages\/665\/revisions"}],"predecessor-version":[{"id":2879,"href":"https:\/\/szpitalpulawy.pl\/index.php?rest_route=\/wp\/v2\/pages\/665\/revisions\/2879"}],"wp:attachment":[{"href":"https:\/\/szpitalpulawy.pl\/index.php?rest_route=%2Fwp%2Fv2%2Fmedia&parent=665"}],"curies":[{"name":"wp","href":"https:\/\/api.w.org\/{rel}","templated":true}]}}