{"id":667,"date":"2018-01-19T13:20:58","date_gmt":"2018-01-19T13:20:58","guid":{"rendered":"http:\/\/szpitalpulawy.pl\/?page_id=667"},"modified":"2019-04-03T11:51:03","modified_gmt":"2019-04-03T11:51:03","slug":"modernizacja-i-doposazenie-szpitalnego-oddzialu-ratunkowego","status":"publish","type":"page","link":"https:\/\/szpitalpulawy.pl\/?page_id=667","title":{"rendered":"MODERNIZACJA I DOPOSA\u017bENIE SZPITALNEGO ODDZIA\u0141U RATUNKOWEGO"},"content":{"rendered":"<p><strong>MODERNIZACJA I DOPOSA\u017bENIE SZPITALNEGO ODDZIA\u0141U RATUNKOWEGO SAMODZIELNEGO PUBLICZNEGO ZAK\u0141ADU OPIEKI ZDROWOTNEJ W PU\u0141AWACH<\/strong><\/p>\n<p><img loading=\"lazy\" decoding=\"async\" class=\"alignleft wp-image-1115 size-large\" src=\"https:\/\/szpitalpulawy.pl\/wp-content\/uploads\/2019\/01\/ramka1-1-1024x196.jpg\" alt=\"\" width=\"1024\" height=\"196\" srcset=\"https:\/\/szpitalpulawy.pl\/wp-content\/uploads\/2019\/01\/ramka1-1-1024x196.jpg 1024w, https:\/\/szpitalpulawy.pl\/wp-content\/uploads\/2019\/01\/ramka1-1-300x57.jpg 300w, https:\/\/szpitalpulawy.pl\/wp-content\/uploads\/2019\/01\/ramka1-1-768x147.jpg 768w, https:\/\/szpitalpulawy.pl\/wp-content\/uploads\/2019\/01\/ramka1-1.jpg 1280w\" sizes=\"auto, (max-width: 1024px) 100vw, 1024px\" \/><\/p>\n<p>Projekt realizowany w ramach <strong>P<\/strong>rogramu <strong>O<\/strong>peracyjnego <strong>I<\/strong>nfrastruktura i <strong>\u015a<\/strong>rodowisko na lata 2014 \u2013 2020, Osi priorytetowej <strong>IX<\/strong>. Wzmocnienie strategicznej infrastruktury zdrowia, Dzia\u0142anie <strong>9.1<\/strong>. Infrastruktura ratownictwa medycznego w zakresie wsparcia istniej\u0105cych szpitalnych oddzia\u0142\u00f3w ratunkowych, ze szczeg\u00f3lnym uwzgl\u0119dnieniem stanowisk wst\u0119pnej intensywnej terapii (roboty budowlane, doposa\u017cenie) dla projekt\u00f3w realizowanych na terytorium Rzeczpospolitej Polskiej z wy\u0142\u0105czeniem wojew\u00f3dztwa mazowieckiego.<\/p>\n<p>Przedmiotem projektu b\u0119dzie modernizacja Szpitalnego Oddzia\u0142u Ratunkowego(prace remontowo \u2013 budowlane) oraz zakup sprz\u0119tu medycznego.<\/p>\n<p><strong>Cele og\u00f3lne projektu:<\/strong><\/p>\n<p>&#8211; poprawa funkcjonowania system\u00f3w ratownictwa medycznego w wojew\u00f3dztwie lubelskim<br \/>\ni mazowieckim (dzi\u0119ki poprawie funkcjonowania kluczowego dla obydwu region\u00f3w SOR-u w Pu\u0142awach)<\/p>\n<p>&#8211; wzrost poczucia bezpiecze\u0144stwa zdrowotnego mieszka\u0144c\u00f3w wojew\u00f3dztwa lubelskiego oraz wojew\u00f3dztwa mazowieckiego<\/p>\n<p><strong>Cele bezpo\u015brednie projektu:<\/strong><\/p>\n<p><strong>Poprawa dost\u0119pu do wysokiej jako\u015bci \u015bwiadcze\u0144 medycznych w zakresie ratownictwa medycznego w obszarze oddzia\u0142ywania SOR-u SP ZOZ w Pu\u0142awach.<\/strong><\/p>\n<p>Przewidziany cel bezpo\u015bredni b\u0119dzie m\u00f3g\u0142 zosta\u0107 osi\u0105gni\u0119ty dzi\u0119ki wdro\u017ceniu trzech dzia\u0142a\u0144 merytorycznych projektu, zak\u0142adaj\u0105cych nast\u0119puj\u0105ce cele:<\/p>\n<p>&#8211; wzrost dost\u0119pno\u015bci specjalistycznej aparatury medycznej na potrzeby Szpitalnego Oddzia\u0142u Ratunkowego SP ZOZ w Pu\u0142awach<\/p>\n<p>&#8211; poprawa warunk\u00f3w przyjmowania pacjent\u00f3w na Szpitalnym Oddziale Ratunkowym SP ZOZ w Pu\u0142awach<\/p>\n<p>&#8211; wzrost jako\u015bci warunk\u00f3w pracy personelu medycznego Szpitalnego Oddzia\u0142u Ratunkowego SP ZOZ w Pu\u0142awach<\/p>\n<p><strong>Modernizacja Szpitalnego Oddzia\u0142u Ratunkowego<\/strong> (prace remontowo-budowlane) poprawi funkcjonalno\u015b\u0107 SOR-u w Pu\u0142awach zar\u00f3wno dla pacjent\u00f3w, jak r\u00f3wnie\u017c pracuj\u0105cego w ramach niego personelu medycznego, wymagany jest kompleksowy remont pomieszcze\u0144.<\/p>\n<p><strong>Zakup sprz\u0119tu medycznego na Szpitalny Oddzia\u0142 Ratunkowy<\/strong> zwi\u0119kszy mo\u017cliwo\u015bci prowadzenia dzia\u0142a\u0144 diagnostycznych i leczniczych w ramach oddzia\u0142u, a tak\u017ce poprawi organizacj\u0119 pracy w ramach oddzia\u0142u w zakresie zminimalizowania wykorzystania sprz\u0119tu spoza oddzia\u0142u wobec pacjent\u00f3w przyjmowanych na SOR.<\/p>\n<table style=\"width: 564px;\">\n<tbody>\n<tr>\n<td style=\"width: 421.333px;\">Ca\u0142kowita warto\u015b\u0107 projektu<\/td>\n<td style=\"width: 129.667px; text-align: right;\">2\u00a0898\u00a0927,03 z\u0142<\/td>\n<\/tr>\n<tr>\n<td style=\"width: 421.333px;\">Dofinansowanie (Wk\u0142ad Funduszy Europejskich) 85%<\/td>\n<td style=\"width: 129.667px; text-align: right;\">2\u00a0463\u00a0983,42 z\u0142<\/td>\n<\/tr>\n<tr>\n<td style=\"width: 421.333px;\">Wk\u0142ad w\u0142asny Beneficjenta<\/td>\n<td style=\"width: 129.667px; text-align: right;\">434\u00a0943,61 z\u0142<\/td>\n<\/tr>\n<\/tbody>\n<\/table>\n<p><a href=\"https:\/\/szpitalpulawy.pl\/?p=907\">Aktualizacja na dzie\u0144 16.08.2018 <\/a><\/p>\n<p><strong>\u00a0<\/strong><\/p>\n","protected":false},"excerpt":{"rendered":"<p>MODERNIZACJA I DOPOSA\u017bENIE SZPITALNEGO ODDZIA\u0141U RATUNKOWEGO SAMODZIELNEGO PUBLICZNEGO ZAK\u0141ADU OPIEKI ZDROWOTNEJ W PU\u0141AWACH Projekt realizowany w ramach Programu Operacyjnego Infrastruktura i \u015arodowisko na lata 2014 \u2013 2020, Osi priorytetowej IX. Wzmocnienie strategicznej infrastruktury zdrowia, Dzia\u0142anie 9.1. Infrastruktura ratownictwa medycznego w zakresie wsparcia istniej\u0105cych szpitalnych oddzia\u0142\u00f3w ratunkowych, ze szczeg\u00f3lnym uwzgl\u0119dnieniem stanowisk wst\u0119pnej intensywnej terapii (roboty budowlane, [&hellip;]<\/p>\n","protected":false},"author":2,"featured_media":0,"parent":0,"menu_order":0,"comment_status":"closed","ping_status":"closed","template":"","meta":{"footnotes":""},"class_list":["post-667","page","type-page","status-publish","hentry"],"_links":{"self":[{"href":"https:\/\/szpitalpulawy.pl\/index.php?rest_route=\/wp\/v2\/pages\/667","targetHints":{"allow":["GET"]}}],"collection":[{"href":"https:\/\/szpitalpulawy.pl\/index.php?rest_route=\/wp\/v2\/pages"}],"about":[{"href":"https:\/\/szpitalpulawy.pl\/index.php?rest_route=\/wp\/v2\/types\/page"}],"author":[{"embeddable":true,"href":"https:\/\/szpitalpulawy.pl\/index.php?rest_route=\/wp\/v2\/users\/2"}],"replies":[{"embeddable":true,"href":"https:\/\/szpitalpulawy.pl\/index.php?rest_route=%2Fwp%2Fv2%2Fcomments&post=667"}],"version-history":[{"count":0,"href":"https:\/\/szpitalpulawy.pl\/index.php?rest_route=\/wp\/v2\/pages\/667\/revisions"}],"wp:attachment":[{"href":"https:\/\/szpitalpulawy.pl\/index.php?rest_route=%2Fwp%2Fv2%2Fmedia&parent=667"}],"curies":[{"name":"wp","href":"https:\/\/api.w.org\/{rel}","templated":true}]}}