{"id":7505,"date":"2026-02-23T08:35:24","date_gmt":"2026-02-23T08:35:24","guid":{"rendered":"https:\/\/szpitalpulawy.pl\/?page_id=7505"},"modified":"2026-04-02T07:24:27","modified_gmt":"2026-04-02T07:24:27","slug":"zywienie-dla-zdrowia","status":"publish","type":"page","link":"https:\/\/szpitalpulawy.pl\/?page_id=7505","title":{"rendered":"\u017bywienie dla zdrowia"},"content":{"rendered":"\n<p>Od 1 stycznia 2026 roku wchodz\u0105 w \u017cycie nowe standardy \u017cywienia zbiorowego, zgodnie z:<\/p>\n<p><strong>Rozporz\u0105dzeniem Ministra Zdrowia z dnia 12 grudnia 2025 r. w sprawie standardu organizacyjnego \u017cywienia zbiorowego w podmiocie leczniczym wykonuj\u0105cym dzia\u0142alno\u015b\u0107 lecznicz\u0105 w rodzaju \u015bwiadczenia szpitalne<\/strong><\/p>\n<p>Celem wprowadzonych zmian jest <strong>ujednolicenie zasad \u017cywienia<\/strong> w szpitalach oraz realna poprawa jako\u015bci posi\u0142k\u00f3w oferowanych pacjentom. To krok w stron\u0119 nowoczesnej opieki medycznej, w kt\u00f3rej dieta stanowi wa\u017cny element procesu leczenia, a nie tylko dodatek do terapii.<\/p>\n<p>W SP ZOZ Pu\u0142awy przyk\u0142adamy szczeg\u00f3ln\u0105 wag\u0119 do \u017cywienia pacjent\u00f3w, poniewa\u017c <strong>odpowiednio dobrana dieta wp\u0142ywa na zdrowie i wspomaga proces rekonwalescencji.<\/strong><\/p>\n<p>W ramach edukacji \u017cywieniowej nasi pacjenci otrzymuj\u0105 informacje, kt\u00f3re pomagaj\u0105 zrozumie\u0107 znaczenie racjonalnego od\u017cywiania jako integralnej cz\u0119\u015bci leczenia.<\/p>\n<p>W zak\u0142adce \u201e\u017bywienie dla zdrowia\u201d znajd\u0105 Pa\u0144stwo mi\u0119dzy innymi:<\/p>\n<p>\u2022 aktualne jad\u0142ospisy wraz z informacjami o rodzaju posi\u0142ku, jego sk\u0142adzie, warto\u015bciach energetycznych oraz zawarto\u015bci sk\u0142adnik\u00f3w od\u017cywczych i alergen\u00f3w;<\/p>\n<p>\u2022 <span data-olk-copy-source=\"MessageBody\">Ankieta oceny \u017cywienia w Szpitalu &#8211; Pacjent mo\u017ce wype\u0142ni\u0107 Ankiet\u0119 oceny \u017cywienia w Szpitalu w wersji papierowej w oddziale, w kt\u00f3rym przebywa i wrzuci\u0107 anonimowo do dedykowanej do tego celu skrzynki<\/span><\/p>\n<p>\u2022 wyniki bada\u0144 laboratoryjnych, kt\u00f3re potwierdzaj\u0105 zgodno\u015b\u0107 warto\u015bci od\u017cywczej i energetycznej posi\u0142k\u00f3w w wybranych zestawach \u017cywieniowych;<\/p>\n<p>\u2022 materia\u0142y edukacyjne dotycz\u0105ce zdrowego od\u017cywiania w kontek\u015bcie r\u00f3\u017cnych jednostek chorobowych.<\/p>\n<p>Realizuj\u0105c\u00a0 zapis\u00a0\u00a0<b><i>Rozporz\u0105dzenia w sprawie standardu organizacyjnego \u017cywienia zbiorowego w podmiocie leczniczym wykonuj\u0105cym dzia\u0142alno\u015b\u0107 lecznicz\u0105 w rodzaju \u015bwiadczenia szpitalne\u00a0<\/i><\/b>ust\u0119p 12 pkt 3 za\u0142\u0105cznika w\/w rozporz\u0105dzenia wraz\u00a0 odniesieniem do\u00a0 pozycji z jad\u0142ospisu:\u00a0<\/p>\n<p><span data-olk-copy-source=\"MessageBody\"><a href=\"https:\/\/szpitalpulawy.pl\/wp-content\/uploads\/2026\/02\/wyniki_badan.pdf\">Wyniki bada\u0144<\/a><\/span><\/p>\n<p><span data-olk-copy-source=\"MessageBody\">Linki odsy\u0142aj\u0105ce do wiarygodnych materia\u0142\u00f3w edukacyjnych na podstawie wiarygodnych dowod\u00f3w naukowych dla pacjent\u00f3w o tematyce \u017cywieniowej i dietetycznej.\u00a0<\/span><\/p>\n<p><span data-olk-copy-source=\"MessageBody\">Link do zalece\u0144 NCE\u017b:\u00a0<a href=\"https:\/\/ncez.pzh.gov.pl\/tag\/zalecenia-zywieniowe\/\">https:\/\/ncez.pzh.gov.pl\/tag\/zalecenia-zywieniowe\/<\/a> &#8211; Narodowe Centrum Edukacji \u017bywieniowej<\/span><\/p>\n<p>Link do diet NFZ:\u00a0<a href=\"https:\/\/diety.nfz.gov.pl\/\">https:\/\/diety.nfz.gov.pl\/<\/a> &#8211; <span data-olk-copy-source=\"MessageBody\">Diety Narodowego Funduszu Zdrowia<\/span><\/p>\n<p><a href=\"https:\/\/szpitalpulawy.pl\/wp-content\/uploads\/2026\/04\/Dieta-latwostrawna-z-ograniczeniem-tluszczu-1.odt\">Dieta \u0142atwostrawna z ograniczeniem t\u0142uszczu<\/a><\/p>\n<p><a href=\"https:\/\/szpitalpulawy.pl\/wp-content\/uploads\/2026\/04\/Dieta-latwostrawna-1.odt\">Dieta \u0142atwostrawna<\/a><\/p>\n<p><a href=\"https:\/\/szpitalpulawy.pl\/wp-content\/uploads\/2026\/04\/Dieta-ogolna.odt\">Dieta og\u00f3lna<\/a><\/p>\n<p><a href=\"https:\/\/szpitalpulawy.pl\/wp-content\/uploads\/2026\/04\/Dieta-przy-cukrzycy.odt\">Dieta przy cukrzycy<\/a><\/p>\n<p><a href=\"https:\/\/szpitalpulawy.pl\/wp-content\/uploads\/2026\/04\/Dieta-przy-kamicy-nerkowej.odt\">Dieta przy kamicy nerkowej<\/a><\/p>\n<p><a href=\"https:\/\/szpitalpulawy.pl\/wp-content\/uploads\/2026\/04\/Dieta-przy-kamicy-pecherzyka-zolciowego.odt\">Dieta przy kamicy p\u0119cherzyka \u017c\u00f3\u0142ciowego<\/a><\/p>\n<p><a href=\"https:\/\/szpitalpulawy.pl\/wp-content\/uploads\/2026\/04\/Dieta-przy-niewydolnosci-nerek.odt\">Dieta przy niewydolno\u015bci nerek<\/a><\/p>\n<p><a href=\"https:\/\/szpitalpulawy.pl\/wp-content\/uploads\/2026\/04\/Dieta-przy-zespole-jelita-drazliwego.odt\">Dieta przy zespole jelita dra\u017cliwego<\/a><\/p>\n<p>Istnieje mo\u017cliwo\u015b\u0107 zg\u0142aszania anonimowych uwag dotycz\u0105cych posi\u0142k\u00f3w (pozytywnych i negatywnych). Wszelkie uwagi prosimy wysy\u0142a\u0107 na adres mailowy: <span data-olk-copy-source=\"MessageBody\">zywieniedlazdrowia@szpitalpulawy.pl<\/span><\/p>\n<p><a href=\"https:\/\/szpitalpulawy.pl\/wp-content\/uploads\/2026\/03\/Jadlospis_Pulawy-16.02-24.02.pdf\">Jadlospis_Pulawy 16.02 &#8211; 24.02<\/a><\/p>\n<p><a href=\"https:\/\/szpitalpulawy.pl\/wp-content\/uploads\/2026\/02\/Jadlospis-25.02-01.03-Pulawy.pdf\">Jad\u0142ospis 25.02 &#8211; 01.03 Pu\u0142awy<\/a><\/p>\n<p><a href=\"https:\/\/szpitalpulawy.pl\/wp-content\/uploads\/2026\/02\/Jadlospis-02.03-15.03-Pulawy.pdf\">Jad\u0142ospis 02.03 &#8211; 15.03 Pu\u0142awy<\/a><\/p>\n<p><a href=\"https:\/\/szpitalpulawy.pl\/wp-content\/uploads\/2026\/03\/Jadlospis-02.03-15.03-Diety-dzieciece-Pulawy.pdf\">Jad\u0142ospis 02.03 &#8211; 15.03 Diety dzieci\u0119ce Pu\u0142awy<\/a><\/p>\n<p><a href=\"https:\/\/szpitalpulawy.pl\/wp-content\/uploads\/2026\/03\/Jadlospis-02.03-15.03-PUL.pdf\">Jad\u0142ospis 02.03 &#8211; 15.03 PU\u0141<\/a><\/p>\n<p><a href=\"https:\/\/szpitalpulawy.pl\/wp-content\/uploads\/2026\/03\/Jadlospis-06.03-15.03-Diety-Mamy.pdf\">Jad\u0142ospis 06.03 &#8211; 15.03 Diety Mamy<\/a><\/p>\n<p><a href=\"https:\/\/szpitalpulawy.pl\/wp-content\/uploads\/2026\/03\/Jadlospis-16.03-29.03-PUL-Diety-dzieciece.pdf\">Jad\u0142ospis 16.03 &#8211; 29.03 PU\u0141 Diety dzieci\u0119ce<\/a><\/p>\n<p><a href=\"https:\/\/szpitalpulawy.pl\/wp-content\/uploads\/2026\/03\/Jadlospis-16.03-29.03-PUL-Diety-Mamy.pdf\">Jad\u0142ospis 16.03 &#8211; 29.03 PU\u0141 Diety Mamy<\/a><\/p>\n<p><a href=\"https:\/\/szpitalpulawy.pl\/wp-content\/uploads\/2026\/03\/Jadlospis-16.03-29.03-PUL.pdf\">Jad\u0142ospis 16.03 &#8211; 29.03 PU\u0141<\/a><\/p>\n<p><a href=\"https:\/\/szpitalpulawy.pl\/wp-content\/uploads\/2026\/03\/Jadlospis-30.03-12.04-Dieta-dla-dzieci.pdf\">Jad\u0142ospis 30.03 &#8211; 12.04 Dieta dla dzieci<\/a><\/p>\n<p><a href=\"https:\/\/szpitalpulawy.pl\/wp-content\/uploads\/2026\/03\/Jadlospis-30.03-12.04-Dieta-Mamy.pdf\">Jad\u0142ospis 30.03 &#8211; 12.04 Dieta Mamy<\/a><\/p>\n<p><a href=\"https:\/\/szpitalpulawy.pl\/wp-content\/uploads\/2026\/03\/Jadlospis-30.03-12.04-Oddzialy.pdf\">Jad\u0142ospis 30.03 &#8211; 12.04 Oddzia\u0142y<\/a><\/p>\n","protected":false},"excerpt":{"rendered":"<p>Od 1 stycznia 2026 roku wchodz\u0105 w \u017cycie nowe standardy \u017cywienia zbiorowego, zgodnie z: Rozporz\u0105dzeniem Ministra Zdrowia z dnia 12 grudnia 2025 r. w sprawie standardu organizacyjnego \u017cywienia zbiorowego w podmiocie leczniczym wykonuj\u0105cym dzia\u0142alno\u015b\u0107 lecznicz\u0105 w rodzaju \u015bwiadczenia szpitalne Celem wprowadzonych zmian jest ujednolicenie zasad \u017cywienia w szpitalach oraz realna poprawa jako\u015bci posi\u0142k\u00f3w oferowanych pacjentom. [&hellip;]<\/p>\n","protected":false},"author":6,"featured_media":0,"parent":0,"menu_order":0,"comment_status":"closed","ping_status":"closed","template":"","meta":{"footnotes":""},"class_list":["post-7505","page","type-page","status-publish","hentry"],"_links":{"self":[{"href":"https:\/\/szpitalpulawy.pl\/index.php?rest_route=\/wp\/v2\/pages\/7505","targetHints":{"allow":["GET"]}}],"collection":[{"href":"https:\/\/szpitalpulawy.pl\/index.php?rest_route=\/wp\/v2\/pages"}],"about":[{"href":"https:\/\/szpitalpulawy.pl\/index.php?rest_route=\/wp\/v2\/types\/page"}],"author":[{"embeddable":true,"href":"https:\/\/szpitalpulawy.pl\/index.php?rest_route=\/wp\/v2\/users\/6"}],"replies":[{"embeddable":true,"href":"https:\/\/szpitalpulawy.pl\/index.php?rest_route=%2Fwp%2Fv2%2Fcomments&post=7505"}],"version-history":[{"count":16,"href":"https:\/\/szpitalpulawy.pl\/index.php?rest_route=\/wp\/v2\/pages\/7505\/revisions"}],"predecessor-version":[{"id":7638,"href":"https:\/\/szpitalpulawy.pl\/index.php?rest_route=\/wp\/v2\/pages\/7505\/revisions\/7638"}],"wp:attachment":[{"href":"https:\/\/szpitalpulawy.pl\/index.php?rest_route=%2Fwp%2Fv2%2Fmedia&parent=7505"}],"curies":[{"name":"wp","href":"https:\/\/api.w.org\/{rel}","templated":true}]}}