{"id":845,"date":"2018-05-29T08:11:01","date_gmt":"2018-05-29T08:11:01","guid":{"rendered":"http:\/\/szpitalpulawy.pl\/?page_id=845"},"modified":"2018-05-29T08:20:33","modified_gmt":"2018-05-29T08:20:33","slug":"klauzula_monitoring","status":"publish","type":"page","link":"https:\/\/szpitalpulawy.pl\/?page_id=845","title":{"rendered":"Klauzula informacyjna dla os\u00f3b obj\u0119tych monitoringiem wizyjnym"},"content":{"rendered":"<ol>\n<li>Szanowna Pani \/ Panie, Administratorem Twoich danych osobowych gromadzonych w systemie monitoringu wizyjnego jest\u00a0\u00a0<strong>Samodzielny Publiczny Zak\u0142ad Opieki Zdrowotnej w Pu\u0142awach<\/strong> zwany dalej: <strong>\u201eAdministratorem\u201d.<\/strong> <em>Mo\u017cesz skontaktowa\u0107 si\u0119 z Administratorem pisz\u0105c na adres:\u00a0 ul. Bema 1,24-100 Pu\u0142awy lub telefonuj\u0105c pod numer: 81 45-02-274<\/em> <em>\/ Mo\u017cesz r\u00f3wnie\u017c skontaktowa\u0107 si\u0119 z Administratorem za po\u015brednictwem powo\u0142anego przez niego inspektora ochrony danych , pisz\u0105c na adres: <a href=\"mailto:odo@szpitalpulawy.pl\">odo@szpitalpulawy.pl<\/a> lub telefonuj\u0105c pod numer: 81 45-02-255<\/em><\/li>\n<li>Twoje dane przetwarzane s\u0105 w celu ochrony obiektu i mienia oraz zapewnienia bezpiecze\u0144stwa na terenie SPZOZ w Pu\u0142awach. Monitoring wizyjny realizowany jest w ramach prawnie uzasadnionego interesu Administratora.<\/li>\n<li>Twoje dane osobowe przetwarzane s\u0105 wy\u0142\u0105cznie w zakresie zwi\u0105zanym z realizacj\u0105 powy\u017cszych cel\u00f3w. Nie udost\u0119pniamy Twoich danych innym odbiorcom opr\u00f3cz podmiot\u00f3w upowa\u017cnionych na podstawie przepis\u00f3w prawa.<\/li>\n<li>Administrator nie zamierza przekazywa\u0107 Twoich danych do pa\u0144stwa trzeciego ani do organizacji mi\u0119dzynarodowych.<\/li>\n<li>Twoje dane b\u0119d\u0105 przechowywane nie d\u0142u\u017cej ni\u017c przez okres jednego miesi\u0105ca. Przetwarzanie danych osobowych za pomoc\u0105 systemu monitoringu wizyjnego obejmuje: Poni\u017cej lista miejsc obj\u0119tych monitoringiem:<\/li>\n<li>SOR -wpisy<\/li>\n<li>SOR -strona og\u00f3lna<\/li>\n<li>SOR -wyj\u015bcie do windy<\/li>\n<li>SOR- wej\u015bcie do budynku<\/li>\n<li>Wej\u015bcie g\u0142\u00f3wne do szpitala<\/li>\n<li>Zak\u0142ad Diagnostyki Obrazowej \u2013 wej\u015bcie Pracowni CT<\/li>\n<li>Zak\u0142ad Diagnostyki Obrazowej \u2013 Korytarz<\/li>\n<li>Laboratorium- korytarz<\/li>\n<li>Brama wjazdowa na teren SPZOZ<\/li>\n<li>Sekretariat Medyczny- korytarz<\/li>\n<li>Szatnia (\u0142\u0105cznik pomi\u0119dzy budynkiem A i B)<\/li>\n<li>Przychodnia POZ nr 1- rejestracja<\/li>\n<li>Wej\u015bcie do budynku administracji<\/li>\n<li>Administracja- I pi\u0119tro<\/li>\n<li>Blok operacyjny g\u0142\u00f3wny \u2013 wej\u015bcie<\/li>\n<li>Trakt operacyjny ginekologiczny- wej\u015bcie<\/li>\n<li>Masz prawo \u017c\u0105da\u0107 od Administratora dost\u0119pu do swoich danych, ich sprostowania, zaktualizowania, jak r\u00f3wnie\u017c masz prawo do ograniczenia przetwarzania danych. Zasady udost\u0119pnienia dokumentacji pracowniczej zosta\u0142y okre\u015blone przez przepisy polskiego prawa.<\/li>\n<li>W zwi\u0105zku z przetwarzaniem Twoich danych osobowych przez Administratora przys\u0142uguje Ci prawo wniesienia skargi do organu nadzorczego.<\/li>\n<\/ol>\n<p>8.*\u00a0\u00a0 W oparciu o Twoje dane osobowe Administrator <em>nie b\u0119dzie<\/em> podejmowa\u0142 wobec Ciebie zautomatyzowanych decyzji, w tym decyzji b\u0119d\u0105cych wynikiem profilowania*.<\/p>\n<p>* Profilowanie oznacza dowoln\u0105 form\u0119 zautomatyzowanego przetwarzania danych osobowych, kt\u00f3re polega na wykorzystaniu danych osobowych do oceny niekt\u00f3rych czynnik\u00f3w osobowych osoby fizycznej,\u00a0 w szczeg\u00f3lno\u015bci do analizy lub prognozy aspekt\u00f3w dotycz\u0105cych pracy tej osoby fizycznej, jej sytuacji ekonomicznej, zdrowia, osobistych preferencji, zainteresowa\u0144, wiarygodno\u015bci, zachowania, lokalizacji lub przemieszczania si\u0119.<\/p>\n","protected":false},"excerpt":{"rendered":"<p>Szanowna Pani \/ Panie, Administratorem Twoich danych osobowych gromadzonych w systemie monitoringu wizyjnego jest\u00a0\u00a0Samodzielny Publiczny Zak\u0142ad Opieki Zdrowotnej w Pu\u0142awach zwany dalej: \u201eAdministratorem\u201d. Mo\u017cesz skontaktowa\u0107 si\u0119 z Administratorem pisz\u0105c na adres:\u00a0 ul. Bema 1,24-100 Pu\u0142awy lub telefonuj\u0105c pod numer: 81 45-02-274 \/ Mo\u017cesz r\u00f3wnie\u017c skontaktowa\u0107 si\u0119 z Administratorem za po\u015brednictwem powo\u0142anego przez niego inspektora ochrony [&hellip;]<\/p>\n","protected":false},"author":2,"featured_media":0,"parent":0,"menu_order":0,"comment_status":"closed","ping_status":"closed","template":"","meta":{"footnotes":""},"class_list":["post-845","page","type-page","status-publish","hentry"],"_links":{"self":[{"href":"https:\/\/szpitalpulawy.pl\/index.php?rest_route=\/wp\/v2\/pages\/845","targetHints":{"allow":["GET"]}}],"collection":[{"href":"https:\/\/szpitalpulawy.pl\/index.php?rest_route=\/wp\/v2\/pages"}],"about":[{"href":"https:\/\/szpitalpulawy.pl\/index.php?rest_route=\/wp\/v2\/types\/page"}],"author":[{"embeddable":true,"href":"https:\/\/szpitalpulawy.pl\/index.php?rest_route=\/wp\/v2\/users\/2"}],"replies":[{"embeddable":true,"href":"https:\/\/szpitalpulawy.pl\/index.php?rest_route=%2Fwp%2Fv2%2Fcomments&post=845"}],"version-history":[{"count":0,"href":"https:\/\/szpitalpulawy.pl\/index.php?rest_route=\/wp\/v2\/pages\/845\/revisions"}],"wp:attachment":[{"href":"https:\/\/szpitalpulawy.pl\/index.php?rest_route=%2Fwp%2Fv2%2Fmedia&parent=845"}],"curies":[{"name":"wp","href":"https:\/\/api.w.org\/{rel}","templated":true}]}}