{"id":850,"date":"2018-05-29T08:14:30","date_gmt":"2018-05-29T08:14:30","guid":{"rendered":"http:\/\/szpitalpulawy.pl\/?page_id=850"},"modified":"2018-05-29T09:39:50","modified_gmt":"2018-05-29T09:39:50","slug":"klauzule-rodo","status":"publish","type":"page","link":"https:\/\/szpitalpulawy.pl\/?page_id=850","title":{"rendered":"Klauzule RODO"},"content":{"rendered":"<p><a href=\"https:\/\/szpitalpulawy.pl\/?page_id=845\">Klauzula informacyjna dla Os\u00f3b obj\u0119tych monitoringiem wizyjnym<\/a><\/p>\n<p><a href=\"https:\/\/szpitalpulawy.pl\/?page_id=854\">Klauzula informacyjna dotycz\u0105ca Pacjent\u00f3w<\/a><\/p>\n<p><a href=\"https:\/\/szpitalpulawy.pl\/?page_id=858\">Klauzula informacyjna dla Podmiot\u00f3w wykonuj\u0105cych dzia\u0142alno\u015b\u0107 lecznicz\u0105<\/a><\/p>\n<p><a href=\"https:\/\/szpitalpulawy.pl\/?page_id=861\">Klauzula informacyjna dla Pracownik\u00f3w SPZOZ w Pu\u0142awach<\/a><\/p>\n<p><a href=\"https:\/\/szpitalpulawy.pl\/?page_id=865\">Klauzula informacyjna dla kandydat\u00f3w do pracy w SP ZOZ w Pu\u0142awach<\/a><\/p>\n","protected":false},"excerpt":{"rendered":"<p>Klauzula informacyjna dla Os\u00f3b obj\u0119tych monitoringiem wizyjnym Klauzula informacyjna dotycz\u0105ca Pacjent\u00f3w Klauzula informacyjna dla Podmiot\u00f3w wykonuj\u0105cych dzia\u0142alno\u015b\u0107 lecznicz\u0105 Klauzula informacyjna dla Pracownik\u00f3w SPZOZ w Pu\u0142awach Klauzula informacyjna dla kandydat\u00f3w do pracy w SP ZOZ w Pu\u0142awach<\/p>\n","protected":false},"author":2,"featured_media":0,"parent":0,"menu_order":0,"comment_status":"closed","ping_status":"closed","template":"","meta":{"footnotes":""},"class_list":["post-850","page","type-page","status-publish","hentry"],"_links":{"self":[{"href":"https:\/\/szpitalpulawy.pl\/index.php?rest_route=\/wp\/v2\/pages\/850","targetHints":{"allow":["GET"]}}],"collection":[{"href":"https:\/\/szpitalpulawy.pl\/index.php?rest_route=\/wp\/v2\/pages"}],"about":[{"href":"https:\/\/szpitalpulawy.pl\/index.php?rest_route=\/wp\/v2\/types\/page"}],"author":[{"embeddable":true,"href":"https:\/\/szpitalpulawy.pl\/index.php?rest_route=\/wp\/v2\/users\/2"}],"replies":[{"embeddable":true,"href":"https:\/\/szpitalpulawy.pl\/index.php?rest_route=%2Fwp%2Fv2%2Fcomments&post=850"}],"version-history":[{"count":0,"href":"https:\/\/szpitalpulawy.pl\/index.php?rest_route=\/wp\/v2\/pages\/850\/revisions"}],"wp:attachment":[{"href":"https:\/\/szpitalpulawy.pl\/index.php?rest_route=%2Fwp%2Fv2%2Fmedia&parent=850"}],"curies":[{"name":"wp","href":"https:\/\/api.w.org\/{rel}","templated":true}]}}