{"id":854,"date":"2018-05-29T08:24:31","date_gmt":"2018-05-29T08:24:31","guid":{"rendered":"http:\/\/szpitalpulawy.pl\/?page_id=854"},"modified":"2018-05-29T08:24:31","modified_gmt":"2018-05-29T08:24:31","slug":"klauzula-informacyjna-dotyczaca-pacjentow","status":"publish","type":"page","link":"https:\/\/szpitalpulawy.pl\/?page_id=854","title":{"rendered":"Klauzula informacyjna dotycz\u0105ca pacjent\u00f3w"},"content":{"rendered":"<ol>\n<li>Drogi Pacjencie, Administratorem Twoich danych osobowych jest\u00a0Samodzielny Publiczny Zak\u0142ad Opieki Zdrowotnej w Pu\u0142awach zwany dalej:\u00a0\u201eAdministratorem\u201d. Mo\u017cesz skontaktowa\u0107 si\u0119 z Administratorem pisz\u0105c na adres:\u00a0ul. Bema 1,24-100 Pu\u0142awy lub telefonuj\u0105c pod numer: 81 45-02-274. Mo\u017cesz r\u00f3wnie\u017c skontaktowa\u0107 si\u0119 z Administratorem za po\u015brednictwem powo\u0142anego przez niego inspektora ochrony danych , pisz\u0105c na adres: odo@szpitalpulawy.pl lub telefonuj\u0105c pod numer: 81 45-02-255<\/li>\n<li>Twoje dane przetwarzane s\u0105 w celu ochrony stanu zdrowia, \u015bwiadczenia us\u0142ug\u00a0medycznych, zarz\u0105dzania udzielaniem tych us\u0142ug oraz leczenia. Podstaw\u0105 prawn\u0105\u00a0przetwarzania pozyskanych danych jest Ustawa z dnia 6 listopada 2008r. o prawach\u00a0pacjenta i Rzeczniku Praw Pacjenta.<\/li>\n<li>Twoje dane osobowe przetwarzane s\u0105 wy\u0142\u0105cznie w zakresie zwi\u0105zanym z realizacj\u0105 powy\u017cszych cel\u00f3w. Nie udost\u0119pniamy Twoich danych innym odbiorcom opr\u00f3cz<br \/>\npodmiot\u00f3w upowa\u017cnionych na podstawie przepis\u00f3w prawa.<\/li>\n<li>Administrator nie zamierza przekazywa\u0107 Twoich danych do pa\u0144stwa trzeciego ani do organizacji mi\u0119dzynarodowych.<\/li>\n<li>Twoje dane b\u0119d\u0105 przechowywane nie d\u0142u\u017cej ni\u017c jest to konieczne, tj. przez okres\u00a0wyznaczony w\u0142a\u015bciwym przepisem prawa: Ustawa z dnia 6 listopada 2008r. o\u00a0prawach pacjenta i Rzeczniku Praw Pacjenta.<\/li>\n<li>Masz prawo \u017c\u0105da\u0107 od Administratora dost\u0119pu do swoich danych, ich sprostowania, zaktualizowania, jak r\u00f3wnie\u017c masz prawo do ograniczenia przetwarzania danych.\u00a0Zasady udost\u0119pnienia dokumentacji medycznej zosta\u0142y okre\u015blone przez przepisy\u00a0polskiego prawa.<\/li>\n<li>W zwi\u0105zku z przetwarzaniem Twoich danych osobowych przez Administratora przys\u0142uguje Ci prawo wniesienia skargi do organu nadzorczego.<\/li>\n<li>Przekazaniem nam Twoich danych osobowych jest wymogiem ustawowym, dotyczy ka\u017cdego Pacjenta, wobec kt\u00f3rego realizujemy cele opisane w punkcie 2.<\/li>\n<li>W oparciu o Twoje dane osobowe Administrator nie b\u0119dzie podejmowa\u0142 wobec\u00a0Ciebie zautomatyzowanych decyzji, w tym decyzji b\u0119d\u0105cych wynikiem<br \/>\nprofilowania*.<\/li>\n<\/ol>\n<p>* Profilowanie oznacza dowoln\u0105 form\u0119 zautomatyzowanego przetwarzania danych osobowych, kt\u00f3re polega na<br \/>\nwykorzystaniu danych osobowych do oceny niekt\u00f3rych czynnik\u00f3w osobowych osoby fizycznej, w<br \/>\nszczeg\u00f3lno\u015bci do analizy lub prognozy aspekt\u00f3w dotycz\u0105cych pracy tej osoby fizycznej, jej sytuacji<br \/>\nekonomicznej, zdrowia, osobistych preferencji, zainteresowa\u0144, wiarygodno\u015bci, zachowania, lokalizacji lub<br \/>\nprzemieszczania si\u0119.<\/p>\n","protected":false},"excerpt":{"rendered":"<p>Drogi Pacjencie, Administratorem Twoich danych osobowych jest\u00a0Samodzielny Publiczny Zak\u0142ad Opieki Zdrowotnej w Pu\u0142awach zwany dalej:\u00a0\u201eAdministratorem\u201d. Mo\u017cesz skontaktowa\u0107 si\u0119 z Administratorem pisz\u0105c na adres:\u00a0ul. Bema 1,24-100 Pu\u0142awy lub telefonuj\u0105c pod numer: 81 45-02-274. Mo\u017cesz r\u00f3wnie\u017c skontaktowa\u0107 si\u0119 z Administratorem za po\u015brednictwem powo\u0142anego przez niego inspektora ochrony danych , pisz\u0105c na adres: odo@szpitalpulawy.pl lub telefonuj\u0105c pod numer: [&hellip;]<\/p>\n","protected":false},"author":2,"featured_media":0,"parent":0,"menu_order":0,"comment_status":"closed","ping_status":"closed","template":"","meta":{"footnotes":""},"class_list":["post-854","page","type-page","status-publish","hentry"],"_links":{"self":[{"href":"https:\/\/szpitalpulawy.pl\/index.php?rest_route=\/wp\/v2\/pages\/854","targetHints":{"allow":["GET"]}}],"collection":[{"href":"https:\/\/szpitalpulawy.pl\/index.php?rest_route=\/wp\/v2\/pages"}],"about":[{"href":"https:\/\/szpitalpulawy.pl\/index.php?rest_route=\/wp\/v2\/types\/page"}],"author":[{"embeddable":true,"href":"https:\/\/szpitalpulawy.pl\/index.php?rest_route=\/wp\/v2\/users\/2"}],"replies":[{"embeddable":true,"href":"https:\/\/szpitalpulawy.pl\/index.php?rest_route=%2Fwp%2Fv2%2Fcomments&post=854"}],"version-history":[{"count":0,"href":"https:\/\/szpitalpulawy.pl\/index.php?rest_route=\/wp\/v2\/pages\/854\/revisions"}],"wp:attachment":[{"href":"https:\/\/szpitalpulawy.pl\/index.php?rest_route=%2Fwp%2Fv2%2Fmedia&parent=854"}],"curies":[{"name":"wp","href":"https:\/\/api.w.org\/{rel}","templated":true}]}}