{"id":861,"date":"2018-05-29T08:31:03","date_gmt":"2018-05-29T08:31:03","guid":{"rendered":"http:\/\/szpitalpulawy.pl\/?page_id=861"},"modified":"2018-05-29T08:31:03","modified_gmt":"2018-05-29T08:31:03","slug":"klauzula-informacyjna-dla-pracownikow-spzoz-w-pulawach","status":"publish","type":"page","link":"https:\/\/szpitalpulawy.pl\/?page_id=861","title":{"rendered":"Klauzula informacyjna dla Pracownik\u00f3w SPZOZ w Pu\u0142awach"},"content":{"rendered":"<p><strong>\u00a0<\/strong>Zgodnie z art. 13 og\u00f3lnego rozporz\u0105dzenia o ochronie danych osobowych z dnia 27 kwietnia 2016 r. (Dz. Urz. UE L 119 z 04.05.2016, dalej jako Rozporz\u0105dzenie) informuj\u0119, i\u017c:<\/p>\n<p>1) Administratorem Pani\/Pana danych osobowych jest Samodzielny Publiczny Zak\u0142ad Opieki Zdrowotnej w Pu\u0142awach ul. Bema 1,24-100 Pu\u0142awy<\/p>\n<p>2) kontakt z Inspektorem Ochrony Danych \u2013\u00a0 odo@szpitalpulawy.pl<\/p>\n<p>3) na podstawie art. 6 ust. 1 lit. b), c) i f) Rozporz\u0105dzenia oraz Kodeksu Pracy z dnia 26 czerwca 1974r celem przetwarzania \u00a0Pana\/Pani danych osobowych jest zatrudnianie, bezpiecze\u0144stwo i organizacja pracy.<\/p>\n<p>4) odbiorcami Pani\/Pana danych osobowych b\u0119d\u0105 osoby fizyczne lub prawne, organy publiczne lub inne podmioty, kt\u00f3rym administrator je ujawnia do cel\u00f3w wynikaj\u0105cych w zwi\u0105zku z prawnie uzasadnionymi interesami realizowanymi przez administratora<\/p>\n<p>5) Pani\/Pana dane osobowe przechowywane b\u0119d\u0105 przez okres 50 lat, na podstawie Kodeksu Pracy a w pozosta\u0142ych przypadkach do ustania przyczyn biznesowych oraz do momentu odwo\u0142ania zgody<\/p>\n<p>6) posiada Pani\/Pan prawo do \u017c\u0105dania od administratora dost\u0119pu do danych osobowych, prawo do ich sprostowania, usuni\u0119cia lub ograniczenia przetwarzania, prawo do wniesienia sprzeciwu wobec przetwarzania, prawo do przenoszenia danych, prawo do cofni\u0119cia zgody w dowolnym momencie<\/p>\n<p>7) ma Pani\/Pan prawo wniesienia skargi do Organu Nadzorczego<\/p>\n","protected":false},"excerpt":{"rendered":"<p>\u00a0Zgodnie z art. 13 og\u00f3lnego rozporz\u0105dzenia o ochronie danych osobowych z dnia 27 kwietnia 2016 r. (Dz. Urz. UE L 119 z 04.05.2016, dalej jako Rozporz\u0105dzenie) informuj\u0119, i\u017c: 1) Administratorem Pani\/Pana danych osobowych jest Samodzielny Publiczny Zak\u0142ad Opieki Zdrowotnej w Pu\u0142awach ul. Bema 1,24-100 Pu\u0142awy 2) kontakt z Inspektorem Ochrony Danych \u2013\u00a0 odo@szpitalpulawy.pl 3) na [&hellip;]<\/p>\n","protected":false},"author":2,"featured_media":0,"parent":0,"menu_order":0,"comment_status":"closed","ping_status":"closed","template":"","meta":{"footnotes":""},"class_list":["post-861","page","type-page","status-publish","hentry"],"_links":{"self":[{"href":"https:\/\/szpitalpulawy.pl\/index.php?rest_route=\/wp\/v2\/pages\/861","targetHints":{"allow":["GET"]}}],"collection":[{"href":"https:\/\/szpitalpulawy.pl\/index.php?rest_route=\/wp\/v2\/pages"}],"about":[{"href":"https:\/\/szpitalpulawy.pl\/index.php?rest_route=\/wp\/v2\/types\/page"}],"author":[{"embeddable":true,"href":"https:\/\/szpitalpulawy.pl\/index.php?rest_route=\/wp\/v2\/users\/2"}],"replies":[{"embeddable":true,"href":"https:\/\/szpitalpulawy.pl\/index.php?rest_route=%2Fwp%2Fv2%2Fcomments&post=861"}],"version-history":[{"count":0,"href":"https:\/\/szpitalpulawy.pl\/index.php?rest_route=\/wp\/v2\/pages\/861\/revisions"}],"wp:attachment":[{"href":"https:\/\/szpitalpulawy.pl\/index.php?rest_route=%2Fwp%2Fv2%2Fmedia&parent=861"}],"curies":[{"name":"wp","href":"https:\/\/api.w.org\/{rel}","templated":true}]}}